{"id":855,"date":"2023-11-18T21:21:10","date_gmt":"2023-11-18T21:21:10","guid":{"rendered":"https:\/\/womenreporters.eu\/?page_id=855"},"modified":"2023-12-07T12:06:52","modified_gmt":"2023-12-07T12:06:52","slug":"daria-kotova","status":"publish","type":"page","link":"https:\/\/womenreporters.eu\/uk\/georgia-2023\/daria-kotova\/","title":{"rendered":"Daria Kotova"},"content":{"rendered":"<div data-elementor-type=\"wp-page\" data-elementor-id=\"855\" class=\"elementor elementor-855\" data-elementor-post-type=\"page\">\n\t\t\t\t\t\t\t<div class=\"elementor-element elementor-element-1b275e6 e-flex e-con-boxed e-con e-parent\" data-id=\"1b275e6\" data-element_type=\"container\" data-settings=\"{&quot;container_type&quot;:&quot;flex&quot;,&quot;content_width&quot;:&quot;boxed&quot;}\" data-core-v316-plus=\"true\">\n\t\t\t\t\t<div class=\"e-con-inner\">\n\t\t\t\t<div class=\"elementor-element elementor-element-46b088d menu-sticky-top elementor-widget elementor-widget-jet-tabs\" data-id=\"46b088d\" data-element_type=\"widget\" data-settings=\"{&quot;tabs_position&quot;:&quot;top&quot;}\" data-widget_type=\"jet-tabs.default\">\n\t\t\t\t<div class=\"elementor-widget-container\">\n\t\t\t\t\t<div class=\"jet-tabs jet-tabs-position-top jet-tabs-move-up-effect\" data-settings=\"{&quot;activeIndex&quot;:0,&quot;event&quot;:&quot;click&quot;,&quot;autoSwitch&quot;:false,&quot;autoSwitchDelay&quot;:3000,&quot;ajaxTemplate&quot;:false,&quot;tabsPosition&quot;:&quot;top&quot;,&quot;switchScrolling&quot;:false,&quot;switchScrollingOffset&quot;:0}\" role=\"tablist\">\n\t\t\t<div class=\"jet-tabs__control-wrapper\">\n\t\t\t\t<div id=\"jet-tabs-control-7411\" class=\"jet-tabs__control jet-tabs__control-icon-left elementor-menu-anchor active-tab\" data-tab=\"1\" tabindex=\"0\" role=\"tab\" aria-controls=\"jet-tabs-content-7411\" aria-expanded=\"true\" data-template-id=\"false\"><div class=\"jet-tabs__control-inner\"><img decoding=\"async\" class=\"jet-tabs__label-image\" src=\"http:\/\/womenreporters.eu\/wp-content\/uploads\/2023\/11\/united-kingdom.svg\" alt=\"\"><div class=\"jet-tabs__label-text\">ENG<\/div><\/div><\/div><div id=\"jet-tabs-control-7412\" class=\"jet-tabs__control jet-tabs__control-icon-left elementor-menu-anchor\" data-tab=\"2\" tabindex=\"0\" role=\"tab\" aria-controls=\"jet-tabs-content-7412\" aria-expanded=\"false\" data-template-id=\"false\"><div class=\"jet-tabs__control-inner\"><img decoding=\"async\" class=\"jet-tabs__label-image\" src=\"http:\/\/womenreporters.eu\/wp-content\/uploads\/2023\/11\/german.svg\" alt=\"\"><div class=\"jet-tabs__label-text\">DEU<\/div><\/div><\/div><div id=\"jet-tabs-control-7413\" class=\"jet-tabs__control jet-tabs__control-icon-left elementor-menu-anchor\" data-tab=\"3\" tabindex=\"0\" role=\"tab\" aria-controls=\"jet-tabs-content-7413\" aria-expanded=\"false\" data-template-id=\"false\"><div class=\"jet-tabs__control-inner\"><img decoding=\"async\" class=\"jet-tabs__label-image\" src=\"http:\/\/womenreporters.eu\/wp-content\/uploads\/2023\/11\/georgia.svg\" alt=\"\"><div class=\"jet-tabs__label-text\">GEO<\/div><\/div><\/div><div id=\"jet-tabs-control-7414\" class=\"jet-tabs__control jet-tabs__control-icon-left elementor-menu-anchor\" data-tab=\"4\" tabindex=\"0\" role=\"tab\" aria-controls=\"jet-tabs-content-7414\" aria-expanded=\"false\" data-template-id=\"false\"><div class=\"jet-tabs__control-inner\"><img decoding=\"async\" class=\"jet-tabs__label-image\" src=\"http:\/\/womenreporters.eu\/wp-content\/uploads\/2023\/11\/poland.svg\" alt=\"\"><div class=\"jet-tabs__label-text\">POL<\/div><\/div><\/div>\t\t\t<\/div>\n\t\t\t<div class=\"jet-tabs__content-wrapper\">\n\t\t\t\t<div id=\"jet-tabs-content-7411\" class=\"jet-tabs__content active-content\" data-tab=\"1\" role=\"tabpanel\" aria-hidden=\"false\" data-template-id=\"false\"><h6><strong>Daria Kotova<br \/><\/strong><\/h6><h2><span style=\"font-weight: 400;\">From Sukhumi to Khurvaleti<\/span><\/h2><p><b>The Story of the Director of a Nursing Home Near the Occupation Line<\/b><\/p><p><span style=\"font-weight: 400;\">Sixty-five-year-old Luda Salia is a native of Sukhumi, a medic by background. When the war began in Abkhazia in 1992, Luda worked as a nurse at the Agudzera hospital. She took care of the wounded throughout the 13 months and 13 days of the violent armed conflict. Luda remained in Abkhazia until the last moment \u2013 she left only in September 1993, after the fall of Sukhumi.<\/span><\/p><p><span style=\"font-weight: 400;\">At that time she could hardly imagine that 30 years after the war she would have to live near barbed wire installed by Russian militaries in a completely different part of Georgia.<\/span><\/p><p><span style=\"font-weight: 400;\">In 2016, with the support of German and American donors, Luda opened a nursing home in the village of Khurvaleti, Gori region, near the administrative border with South Ossetia. Presently she has 17 beneficiaries under her care, the oldest of whom is about 95 years old.<\/span><\/p><p><span style=\"font-weight: 400;\">Luda does everything to create a safe and comfortable environment for them, despite the proximity of the Russian military base to Khurvaleti, regular abductions of local residents and many other problems in the conflict zone.<\/span><\/p><p><span style=\"font-weight: 400;\">Although Luda is aware of the danger, she considers it her duty to protest against the \u201ccreeping occupation\u201d and help people on both sides of the barbed wire.<\/span><\/p><p><span style=\"font-weight: 400;\">\u201cEveryone asks me whether I\u2019m afraid or not. I always have one answer: what I feared most has already happened. We lost Sukhumi, we lost Abkhazia. We have nothing more to fear. Now we have to endure this too, we have to fight,\u201d says Luda.<\/span><\/p><p><b>About the Author<\/b><\/p><p><img loading=\"lazy\" decoding=\"async\" class=\"alignnone wp-image-1870 size-thumbnail\" src=\"http:\/\/womenreporters.eu\/wp-content\/uploads\/2023\/11\/2_Daria-Kotova-Portrait-113x150.webp\" alt=\"\" width=\"113\" height=\"150\" srcset=\"https:\/\/womenreporters.eu\/wp-content\/uploads\/2023\/11\/2_Daria-Kotova-Portrait-113x150.webp 113w, https:\/\/womenreporters.eu\/wp-content\/uploads\/2023\/11\/2_Daria-Kotova-Portrait-225x300.webp 225w, https:\/\/womenreporters.eu\/wp-content\/uploads\/2023\/11\/2_Daria-Kotova-Portrait-9x12.webp 9w, https:\/\/womenreporters.eu\/wp-content\/uploads\/2023\/11\/2_Daria-Kotova-Portrait.webp 420w\" sizes=\"(max-width: 113px) 100vw, 113px\" \/><\/p><p><b>Daria Kotova<\/b><span style=\"font-weight: 400;\"> is a Tbilisi-based journalist with the Russian-language news agency News-Georgia. Her work focuses on covering internal news related to Georgia. Daria is also actively involved in online data visualization and immersive multimedia storytelling projects. Most notably, she received an award from the Women Reporters Academy for her articles featuring Luda Salia, who runs a home for the elderly in Khurvaleti, Georgia, a village near Abkhazia, an area occupied by Russian forces.<\/span><\/p><\/div><div id=\"jet-tabs-content-7412\" class=\"jet-tabs__content\" data-tab=\"2\" role=\"tabpanel\" aria-hidden=\"true\" data-template-id=\"false\"><h6><strong>Daria Kotova<\/strong><\/h6><h2><span style=\"font-weight: 400;\">Von Sokhumi nach Khurvaleti<\/span><\/h2><p><strong>Das Altersheim an der Besatzungslinie: Die Geschichte seiner Leiterin<\/strong><\/p><p><span style=\"font-weight: 400;\">Die 65-j\u00e4hrige Luda Salia ist geb\u00fcrtige Sokhumerin und von Beruf \u00c4rztin. Als der Krieg in Abchasien 1992 begann, arbeitete Luda als Krankenschwester in einem Hospital in Agudzera. 13 Monate und 13 Tage dauerte der heftige, bewaffnete Konflikt. Und w\u00e4hrend seiner gesamten Dauer k\u00fcmmerte sie sich um die Verwundeten. Luda blieb bis zur letzten Stunde in Abchasien und verlie\u00df das Gebiet erst 1993, nach dem Fall von Sokhumi.<\/span><\/p><p><span style=\"font-weight: 400;\">Damals h\u00e4tte sie sich damals kaum vorstellen k\u00f6nnen, an einem von russischen Soldaten erbauten Stacheldraht in einem anderen Gebiet Georgiens leben zu m\u00fcssen.<\/span><\/p><p><span style=\"font-weight: 400;\">2016 er\u00f6ffnete Salia \u2013 Dank der Unterst\u00fctzung von deutschen und amerikanischen Gebern \u2013 ein Altersheim im Dorf Khurvaleti im Gebiet Gori, welches an der Verwaltungsgrenze zu S\u00fcdossetien liegt. Heute versorgt sie dort 17 Personen, der \u00e4lteste von ihnen ist 95 Jahre alt.<\/span><\/p><p><span style=\"font-weight: 400;\">Salia macht alles, um ein sicheres und komfortables Umfeld zu schaffen &#8211; ungeachtet der N\u00e4he des russischen Milit\u00e4rst\u00fctzpunktes zu Khurvaleti, der regelm\u00e4\u00dfigen Entf\u00fchrungen der lokalen Bewohner und vieler weiterer Probleme im Konfliktgebiet.<\/span><\/p><p><span style=\"font-weight: 400;\">Obwohl sich Luda der Gefahr bewusst ist, f\u00fchlt sie sich verpflichtet, gegen die \u201ekriechende Besatzung\u201c zu protestieren sowie den Menschen auf beiden Seiten des Stacheldrahts zu helfen.<\/span><\/p><p><span style=\"font-weight: 400;\">\u00abAlle stellen mir diese Frage, man fragt also mich, ob ich Angst habe. Ich habe immer die gleiche Antwort: Wovor ich am meisten Angst hatte, ist bereits eingekehrt. Wir haben Sokhumi und Abchasien verloren. Wir brauchen keine Angst mehr zu haben. Wir m\u00fcssen nun das aushalten und k\u00e4mpfen\u00bb, sagt Salia.<\/span><\/p><\/div><div id=\"jet-tabs-content-7413\" class=\"jet-tabs__content\" data-tab=\"3\" role=\"tabpanel\" aria-hidden=\"true\" data-template-id=\"false\"><h6><strong>Daria Kotova<\/strong><\/h6><h2>\u041e\u0442 \u0421\u0443\u0445\u0443\u043c\u0438 \u0434\u043e \u0425\u0443\u0440\u0432\u0430\u043b\u0435\u0442\u0438 \u2014 \u0438\u0441\u0442\u043e\u0440\u0438\u044f \u0434\u0438\u0440\u0435\u043a\u0442\u043e\u0440\u0430 \u0434\u043e\u043c\u0430 \u043f\u0440\u0435\u0441\u0442\u0430\u0440\u0435\u043b\u044b\u0445 \u0443 \u043b\u0438\u043d\u0438\u0438 \u043e\u043a\u043a\u0443\u043f\u0430\u0446\u0438\u0438<\/h2><p><span style=\"font-weight: 400;\">65-\u043b\u0435\u0442\u043d\u044f\u044f \u041b\u044e\u0434\u0430 \u0421\u0430\u043b\u0438\u044f \u2014 \u0443\u0440\u043e\u0436\u0435\u043d\u043a\u0430 \u0421\u0443\u0445\u0443\u043c\u0438, \u043f\u043e \u043f\u0440\u043e\u0444\u0435\u0441\u0441\u0438\u0438 \u043c\u0435\u0434\u0438\u043a. \u041a\u043e\u0433\u0434\u0430 \u0432 1992 \u0433\u043e\u0434\u0443 \u0432 \u0410\u0431\u0445\u0430\u0437\u0438\u0438 \u043d\u0430\u0447\u0430\u043b\u0430\u0441\u044c \u0432\u043e\u0439\u043d\u0430, \u041b\u044e\u0434\u0430 \u0440\u0430\u0431\u043e\u0442\u0430\u043b\u0430 \u043c\u0435\u0434\u0441\u0435\u0441\u0442\u0440\u043e\u0439 \u0432 \u0433\u043e\u0441\u043f\u0438\u0442\u0430\u043b\u0435 \u0410\u0433\u0443\u0434\u0437\u0435\u0440\u044b. \u0412\u0441\u0435 13 \u043c\u0435\u0441\u044f\u0446\u0435\u0432 \u0438 13 \u0434\u043d\u0435\u0439 \u043e\u0436\u0435\u0441\u0442\u043e\u0447\u0435\u043d\u043d\u043e\u0433\u043e \u0432\u043e\u043e\u0440\u0443\u0436\u0435\u043d\u043d\u043e\u0433\u043e \u043a\u043e\u043d\u0444\u043b\u0438\u043a\u0442\u0430 \u043e\u043d\u0430 \u0443\u0445\u0430\u0436\u0438\u0432\u0430\u043b\u0430 \u0437\u0430 \u0440\u0430\u043d\u0435\u043d\u044b\u043c\u0438. \u0412 \u0410\u0431\u0445\u0430\u0437\u0438\u0438 \u041b\u044e\u0434\u0430 \u043e\u0441\u0442\u0430\u0432\u0430\u043b\u0430\u0441\u044c \u0434\u043e \u043f\u043e\u0441\u043b\u0435\u0434\u043d\u0435\u0433\u043e \u2013 \u0443\u0435\u0445\u0430\u043b\u0430 \u0442\u043e\u043b\u044c\u043a\u043e \u0432 \u0441\u0435\u043d\u0442\u044f\u0431\u0440\u0435 1993 \u0433\u043e\u0434\u0430, \u043f\u043e\u0441\u043b\u0435 \u043f\u0430\u0434\u0435\u043d\u0438\u044f \u0421\u0443\u0445\u0443\u043c\u0438.<\/span><\/p><p><span style=\"font-weight: 400;\">\u0422\u043e\u0433\u0434\u0430 \u043e\u043d\u0430 \u0432\u0440\u044f\u0434 \u043b\u0438 \u043f\u0440\u0435\u0434\u0441\u0442\u0430\u0432\u043b\u044f\u043b\u0430, \u0447\u0442\u043e \u0441\u043f\u0443\u0441\u0442\u044f 30 \u043b\u0435\u0442 \u043f\u043e\u0441\u043b\u0435 \u0432\u043e\u0439\u043d\u044b \u0435\u0439 \u043f\u0440\u0438\u0434\u0435\u0442\u0441\u044f \u0436\u0438\u0442\u044c \u0443 \u043a\u043e\u043b\u044e\u0447\u0435\u0439 \u043f\u0440\u043e\u0432\u043e\u043b\u043e\u043a\u0438, \u0443\u0441\u0442\u0430\u043d\u043e\u0432\u043b\u0435\u043d\u043d\u043e\u0439 \u0440\u043e\u0441\u0441\u0438\u0439\u0441\u043a\u0438\u043c\u0438 \u0432\u043e\u0435\u043d\u043d\u044b\u043c\u0438 \u0432 \u0441\u043e\u0432\u0441\u0435\u043c \u0434\u0440\u0443\u0433\u043e\u0439 \u0447\u0430\u0441\u0442\u0438 \u0413\u0440\u0443\u0437\u0438\u0438.\u00a0<\/span><\/p><p><span style=\"font-weight: 400;\">\u0412 2016 \u0433\u043e\u0434\u0443 \u043f\u0440\u0438 \u043f\u043e\u0434\u0434\u0435\u0440\u0436\u043a\u0435 \u043d\u0435\u043c\u0435\u0446\u043a\u0438\u0445 \u0438 \u0430\u043c\u0435\u0440\u0438\u043a\u0430\u043d\u0441\u043a\u0438\u0445 \u0434\u043e\u043d\u043e\u0440\u043e\u0432 \u0421\u0430\u043b\u0438\u044f \u043e\u0442\u043a\u0440\u044b\u043b\u0430 \u0434\u043e\u043c \u043f\u0440\u0435\u0441\u0442\u0430\u0440\u0435\u043b\u044b\u0445 \u0432 \u0441\u0435\u043b\u0435 \u0425\u0443\u0440\u0432\u0430\u043b\u0435\u0442\u0438 \u0413\u043e\u0440\u0438\u0439\u0441\u043a\u043e\u0433\u043e \u0440\u0430\u0439\u043e\u043d\u0430 \u2013 \u043d\u0430 \u0430\u0434\u043c\u0438\u043d\u0438\u0441\u0442\u0440\u0430\u0442\u0438\u0432\u043d\u043e\u0439 \u0433\u0440\u0430\u043d\u0438\u0446\u0435 \u0441 \u042e\u0436\u043d\u043e\u0439 \u041e\u0441\u0435\u0442\u0438\u0435\u0439. \u0421\u0435\u0433\u043e\u0434\u043d\u044f \u043d\u0430 \u0435\u0435 \u043f\u043e\u043f\u0435\u0447\u0435\u043d\u0438\u0438 17 \u0431\u0435\u043d\u0435\u0444\u0438\u0446\u0438\u0430\u0440\u043e\u0432, \u0441\u0430\u043c\u043e\u043c\u0443 \u0441\u0442\u0430\u0440\u0448\u0435\u043c\u0443 \u0438\u0437 \u043a\u043e\u0442\u043e\u0440\u044b\u0445 \u043e\u043a\u043e\u043b\u043e 95 \u043b\u0435\u0442.<\/span><\/p><p><span style=\"font-weight: 400;\">\u0421\u0430\u043b\u0438\u044f \u0434\u0435\u043b\u0430\u0435\u0442 \u0432\u0441\u0435, \u0447\u0442\u043e\u0431\u044b \u0441\u043e\u0437\u0434\u0430\u0442\u044c \u0434\u043b\u044f \u043d\u0438\u0445 \u0431\u0435\u0437\u043e\u043f\u0430\u0441\u043d\u0443\u044e \u0438 \u043a\u043e\u043c\u0444\u043e\u0440\u0442\u043d\u0443\u044e \u0441\u0440\u0435\u0434\u0443, \u043d\u0435\u0441\u043c\u043e\u0442\u0440\u044f \u043d\u0430 \u0431\u043b\u0438\u0437\u043e\u0441\u0442\u044c \u043a \u0425\u0443\u0440\u0432\u0430\u043b\u0435\u0442\u0438 \u0440\u043e\u0441\u0441\u0438\u0439\u0441\u043a\u043e\u0439 \u0432\u043e\u0435\u043d\u043d\u043e\u0439 \u0431\u0430\u0437\u044b, \u0440\u0435\u0433\u0443\u043b\u044f\u0440\u043d\u044b\u0435 \u043f\u043e\u0445\u0438\u0449\u0435\u043d\u0438\u044f \u043c\u0435\u0441\u0442\u043d\u044b\u0445 \u0436\u0438\u0442\u0435\u043b\u0435\u0439 \u0438 \u043c\u043d\u043e\u0433\u0438\u0435 \u0434\u0440\u0443\u0433\u0438\u0435 \u043f\u0440\u043e\u0431\u043b\u0435\u043c\u044b \u0432 \u0437\u043e\u043d\u0435 \u043a\u043e\u043d\u0444\u043b\u0438\u043a\u0442\u0430.<\/span><\/p><p><span style=\"font-weight: 400;\">\u0425\u043e\u0442\u044f \u041b\u044e\u0434\u0430 \u043e\u0441\u043e\u0437\u043d\u0430\u0435\u0442 \u0432\u0441\u044e \u043e\u043f\u0430\u0441\u043d\u043e\u0441\u0442\u044c, \u043e\u043d\u0430 \u0441\u0447\u0438\u0442\u0430\u0435\u0442 \u0441\u0432\u043e\u0438\u043c \u0434\u043e\u043b\u0433\u043e\u043c \u043f\u0440\u043e\u0442\u0435\u0441\u0442 \u043f\u0440\u043e\u0442\u0438\u0432 \u00ab\u043f\u043e\u043b\u0437\u0443\u0447\u0435\u0439 \u043e\u043a\u043a\u0443\u043f\u0430\u0446\u0438\u0438\u00bb \u0438 \u043f\u043e\u043c\u043e\u0449\u044c \u043b\u044e\u0434\u044f\u043c \u043f\u043e \u043e\u0431\u0435 \u0441\u0442\u043e\u0440\u043e\u043d\u044b \u043a\u043e\u043b\u044e\u0447\u0435\u0439 \u043f\u0440\u043e\u0432\u043e\u043b\u043e\u043a\u0438.<\/span><\/p><p><span style=\"font-weight: 400;\">\u00ab\u0412\u0441\u0435 \u0437\u0430\u0434\u0430\u044e\u0442 \u043c\u043d\u0435 \u044d\u0442\u043e\u0442 \u0432\u043e\u043f\u0440\u043e\u0441, \u0441\u043f\u0440\u0430\u0448\u0438\u0432\u0430\u044e\u0442, \u043d\u0435 \u0431\u043e\u044e\u0441\u044c \u043b\u0438 \u044f. \u0423 \u043c\u0435\u043d\u044f \u0432\u0441\u0435\u0433\u0434\u0430 \u043e\u0434\u0438\u043d \u043e\u0442\u0432\u0435\u0442: \u0442\u043e, \u0447\u0435\u0433\u043e \u044f \u0431\u043e\u044f\u043b\u0430\u0441\u044c \u0431\u043e\u043b\u044c\u0448\u0435 \u0432\u0441\u0435\u0433\u043e, \u0443\u0436\u0435 \u0441\u043b\u0443\u0447\u0438\u043b\u043e\u0441\u044c. \u041c\u044b \u043f\u043e\u0442\u0435\u0440\u044f\u043b\u0438 \u0421\u0443\u0445\u0443\u043c\u0438, \u043c\u044b \u043f\u043e\u0442\u0435\u0440\u044f\u043b\u0438 \u0410\u0431\u0445\u0430\u0437\u0438\u044e. \u0411\u043e\u043b\u044c\u0448\u0435 \u043d\u0430\u043c \u0431\u043e\u044f\u0442\u044c\u0441\u044f \u043d\u0435\u0447\u0435\u0433\u043e. \u0422\u0435\u043f\u0435\u0440\u044c \u043c\u044b \u0434\u043e\u043b\u0436\u043d\u044b \u0432\u044b\u0434\u0435\u0440\u0436\u0430\u0442\u044c \u0438 \u044d\u0442\u043e, \u0434\u043e\u043b\u0436\u043d\u044b \u0431\u043e\u0440\u043e\u0442\u044c\u0441\u044f\u00bb, \u2014 \u0433\u043e\u0432\u043e\u0440\u0438\u0442 \u0421\u0430\u043b\u0438\u044f.<\/span><\/p><p>\u00a0<\/p><p><img loading=\"lazy\" decoding=\"async\" class=\"alignnone wp-image-1870 size-thumbnail\" src=\"http:\/\/womenreporters.eu\/wp-content\/uploads\/2023\/11\/2_Daria-Kotova-Portrait-113x150.webp\" alt=\"\" width=\"113\" height=\"150\" srcset=\"https:\/\/womenreporters.eu\/wp-content\/uploads\/2023\/11\/2_Daria-Kotova-Portrait-113x150.webp 113w, https:\/\/womenreporters.eu\/wp-content\/uploads\/2023\/11\/2_Daria-Kotova-Portrait-225x300.webp 225w, https:\/\/womenreporters.eu\/wp-content\/uploads\/2023\/11\/2_Daria-Kotova-Portrait-9x12.webp 9w, https:\/\/womenreporters.eu\/wp-content\/uploads\/2023\/11\/2_Daria-Kotova-Portrait.webp 420w\" sizes=\"(max-width: 113px) 100vw, 113px\" \/><\/p><p><span style=\"font-weight: 400;\">\u10d3\u10d0\u10e0\u10d8\u10d0 \u10d9\u10dd\u10e2\u10dd\u10d5\u10d0 \u10d7\u10d1\u10d8\u10da\u10d8\u10e1\u10e8\u10d8 \u10db\u10ea\u10ee\u10dd\u10d5\u10e0\u10d4\u10d1\u10d8 \u10df\u10e3\u10e0\u10dc\u10d0\u10da\u10d8\u10e1\u10e2\u10d8\u10d0 \u10d3\u10d0 \u10e0\u10e3\u10e1\u10e3\u10da\u10d4\u10dc\u10dd\u10d5\u10d0\u10dc\u10d8 \u10e1\u10d0\u10d8\u10dc\u10e4\u10dd\u10e0\u10db\u10d0\u10ea\u10d8\u10dd \u10e1\u10d0\u10d0\u10d2\u10d4\u10dc\u10e2\u10dd \u201e\u10dc\u10d8\u10e3\u10e1-\u10e1\u10d0\u10e5\u10d0\u10e0\u10d7\u10d5\u10d4\u10da\u10dd\u10e1\u201c \u10ec\u10d4\u10d5\u10e0\u10d8\u10d0. \u10db\u10d8\u10e1\u10d8 \u10e1\u10d0\u10e5\u10db\u10d8\u10d0\u10dc\u10dd\u10d1\u10d0, \u10e3\u10de\u10d8\u10e0\u10d5\u10d4\u10da\u10d4\u10e1 \u10e7\u10dd\u10d5\u10da\u10d8\u10e1\u10d0, \u10d2\u10e3\u10da\u10d8\u10e1\u10ee\u10db\u10dd\u10d1\u10e1 \u10e1\u10d0\u10e5\u10d0\u10e0\u10d7\u10d5\u10d4\u10da\u10dd\u10e1\u10d7\u10d0\u10dc \u10d3\u10d0\u10d9\u10d0\u10d5\u10e8\u10d8\u10e0\u10d4\u10d1\u10e3\u10da\u10d8 \u10e8\u10d8\u10d3\u10d0 \u10d0\u10db\u10d1\u10d4\u10d1\u10d8\u10e1 \u10d2\u10d0\u10e8\u10e3\u10e5\u10d4\u10d1\u10d0\u10e1. \u10d3\u10d0\u10e0\u10d8\u10d0 \u10d0\u10e1\u10d4\u10d5\u10d4 \u10d0\u10e5\u10e2\u10d8\u10e3\u10e0\u10d0\u10d3 \u10e3\u10ec\u10e7\u10dd\u10d1\u10e1 \u10ee\u10d4\u10da\u10e1 \u10db\u10dd\u10dc\u10d0\u10ea\u10d4\u10db\u10d7\u10d0 \u10dd\u10dc\u10da\u10d0\u10d8\u10dc \u10d5\u10d8\u10d6\u10e3\u10d0\u10da\u10d8\u10d6\u10d0\u10ea\u10d8\u10d0\u10e1 \u10d3\u10d0 \u10db\u10e3\u10da\u10e2\u10d8\u10db\u10d4\u10d3\u10d8\u10e3\u10e0\u10d8 \u10db\u10dd\u10d7\u10ee\u10e0\u10dd\u10d1\u10d8\u10e1 \u10de\u10e0\u10dd\u10d4\u10e5\u10e2\u10d4\u10d1\u10e1. \u10d0\u10e6\u10e1\u10d0\u10dc\u10d8\u10e8\u10dc\u10d0\u10d5\u10d8\u10d0, \u10e0\u10dd\u10db \u10db\u10d0\u10dc \u10db\u10d8\u10d8\u10e6\u10dd \u10ef\u10d8\u10da\u10d3\u10dd \u10e0\u10d4\u10de\u10dd\u10e0\u10e2\u10d8\u10dd\u10e0 \u10e5\u10d0\u10da\u10d7\u10d0 \u10d0\u10d9\u10d0\u10d3\u10d4\u10db\u10d8\u10d8\u10e1\u10d2\u10d0\u10dc \u10da\u10e3\u10d3\u10d0 \u10e1\u10d0\u10da\u10d8\u10d0\u10e1 \u10db\u10dd\u10dc\u10d0\u10ec\u10d8\u10da\u10d4\u10dd\u10d1\u10d8\u10d7 \u10e1\u10e2\u10d0\u10e2\u10d8\u10d4\u10d1\u10d8\u10e1\u10d7\u10d5\u10d8\u10e1, \u10e0\u10dd\u10db\u10d4\u10da\u10d8\u10ea \u10d2\u10d0\u10dc\u10d0\u10d2\u10d4\u10d1\u10e1 \u10ee\u10d0\u10dc\u10d3\u10d0\u10d6\u10db\u10e3\u10da\u10d7\u10d0 \u10d7\u10d0\u10d5\u10e8\u10d4\u10e1\u10d0\u10e4\u10d0\u10e0\u10e1 \u10ee\u10e3\u10e0\u10d5\u10d0\u10da\u10d4\u10d7\u10e8\u10d8, \u10e1\u10dd\u10e4\u10d4\u10da\u10e8\u10d8, \u10e0\u10dd\u10db\u10d4\u10da\u10d8\u10ea \u10db\u10d3\u10d4\u10d1\u10d0\u10e0\u10d4\u10dd\u10d1\u10e1 \u10d0\u10e4\u10ee\u10d0\u10d6\u10d4\u10d7\u10d8\u10e1 \u10db\u10d0\u10ee\u10da\u10dd\u10d1\u10da\u10d0\u10d3, \u10e0\u10e3\u10e1\u10d4\u10d7\u10d8\u10e1 \u10e1\u10d0\u10db\u10ee\u10d4\u10d3\u10e0\u10dd \u10eb\u10d0\u10da\u10d4\u10d1\u10d8\u10e1 \u10db\u10d8\u10d4\u10e0 \u10dd\u10d9\u10e3\u10de\u10d8\u10e0\u10d4\u10d1\u10e3\u10da \u10e2\u10d4\u10e0\u10d8\u10e2\u10dd\u10e0\u10d8\u10d0\u10d6\u10d4.<\/span><\/p><\/div><div id=\"jet-tabs-content-7414\" class=\"jet-tabs__content\" data-tab=\"4\" role=\"tabpanel\" aria-hidden=\"true\" data-template-id=\"false\"><h6><strong>Daria Kotowa<\/strong><\/h6><h2><span style=\"font-weight: 400;\">Od Suchumi do Churwaleti<\/span><\/h2><p><strong>Historia dyrektorki domu opieki dla os\u00f3b starszych przy linii okupacyjnej<\/strong><\/p><p><span style=\"font-weight: 400;\">65-letnia Liuda Salia \u2013 urodzona w Suchumi, z zawodu lekarka. Kiedy w 1992 roku w Abchazji rozpocz\u0119\u0142a si\u0119 wojna, Liuda pracowa\u0142a jako piel\u0119gniarka w szpitalu we wsi Agudzera. Przez 13 miesi\u0119cy i 13 dni ostrego konfliktu wojennego opiekowa\u0142a si\u0119 rannymi. Liuda pozosta\u0142a w Abchazji do ostatniej chwili \u2013 wyjecha\u0142a dopiero w 1993 roku, po upadku Suchumi.<\/span><\/p><p><span style=\"font-weight: 400;\">Wtedy prawie nie mog\u0142a sobie wyobrazi\u0107, \u017ce 30 lat po wojnie b\u0119dzie musia\u0142a mieszka\u0107 w pobli\u017cu drutu kolczastego zainstalowanego przez wojsko rosyjskie w zupe\u0142nie innej cz\u0119\u015bci Gruzji.<\/span><\/p><p><span style=\"font-weight: 400;\">W 2016 roku, dzi\u0119ki wsparciu niemieckich i ameryka\u0144skich darczy\u0144c\u00f3w, Salia otworzy\u0142a dom opieki dla os\u00f3b starszych we wsi Churwaleti w regionie Gori, przy granicy administracyjnej z Oseti\u0105 Po\u0142udniow\u0105. Dzi\u015b ma pod swoj\u0105 opiek\u0105 17 podopiecznych, z kt\u00f3rych najstarszy ma oko\u0142o 95 lat.<\/span><\/p><p><span style=\"font-weight: 400;\">Salia robi wszystko, aby stworzy\u0107 dla nich bezpieczne i wygodne \u015brodowisko, pomimo blisko\u015bci rosyjskiej bazy wojskowej do Churwaleti, regularnych uprowadze\u0144 lokalnych mieszka\u0144c\u00f3w i wielu innych problem\u00f3w w strefie konfliktu.<\/span><\/p><p><span style=\"font-weight: 400;\">Cho\u0107 Liuda zdaje sobie spraw\u0119 z ca\u0142ego niebezpiecze\u0144stwa, uwa\u017ca za sw\u00f3j obowi\u0105zek protestowa\u0107 przeciwko \u201epe\u0142zaj\u0105cej okupacji\u201d i pomaga\u0107 ludziom po obu stronach drutu kolczastego.<\/span><\/p><p><span style=\"font-weight: 400;\">\u201eWszyscy pytaj\u0105 mnie czy si\u0119 boj\u0119. Zawsze mam t\u0105 sam\u0105 odpowied\u017a: to, czego najbardziej si\u0119 obawia\u0142am, ju\u017c si\u0119 wydarzy\u0142o. Stracili\u015bmy Suchumi, stracili\u015bmy Abchazj\u0119. Nie mamy si\u0119 ju\u017c czego ba\u0107. Teraz musimy to te\u017c znosi\u0107, musimy walczy\u0107\u201d \u2013 m\u00f3wi Salia.<\/span><\/p><\/div>\t\t\t<\/div>\n\t\t<\/div>\n\t\t\t\t<\/div>\n\t\t\t\t<\/div>\n\t\t\t\t\t<\/div>\n\t\t\t\t<\/div>\n\t\t\t\t\t\t\t<\/div>","protected":false},"excerpt":{"rendered":"<p>ENGDEUGEOPOL Daria Kotova From Sukhumi to Khurvaleti The Story of the Director of a Nursing Home Near the Occupation Line Sixty-five-year-old Luda Salia is a native of Sukhumi, a medic by background. When the war began in Abkhazia in 1992, Luda worked as a nurse at the Agudzera hospital. She took care of the wounded [&hellip;]<\/p>","protected":false},"author":1,"featured_media":0,"parent":853,"menu_order":1,"comment_status":"closed","ping_status":"closed","template":"elementor_header_footer","meta":{"footnotes":""},"_links":{"self":[{"href":"https:\/\/womenreporters.eu\/uk\/wp-json\/wp\/v2\/pages\/855"}],"collection":[{"href":"https:\/\/womenreporters.eu\/uk\/wp-json\/wp\/v2\/pages"}],"about":[{"href":"https:\/\/womenreporters.eu\/uk\/wp-json\/wp\/v2\/types\/page"}],"author":[{"embeddable":true,"href":"https:\/\/womenreporters.eu\/uk\/wp-json\/wp\/v2\/users\/1"}],"replies":[{"embeddable":true,"href":"https:\/\/womenreporters.eu\/uk\/wp-json\/wp\/v2\/comments?post=855"}],"version-history":[{"count":59,"href":"https:\/\/womenreporters.eu\/uk\/wp-json\/wp\/v2\/pages\/855\/revisions"}],"predecessor-version":[{"id":2092,"href":"https:\/\/womenreporters.eu\/uk\/wp-json\/wp\/v2\/pages\/855\/revisions\/2092"}],"up":[{"embeddable":true,"href":"https:\/\/womenreporters.eu\/uk\/wp-json\/wp\/v2\/pages\/853"}],"wp:attachment":[{"href":"https:\/\/womenreporters.eu\/uk\/wp-json\/wp\/v2\/media?parent=855"}],"curies":[{"name":"wp","href":"https:\/\/api.w.org\/{rel}","templated":true}]}}