{"id":1089,"date":"2023-11-19T00:30:22","date_gmt":"2023-11-19T00:30:22","guid":{"rendered":"https:\/\/womenreporters.eu\/?page_id=1089"},"modified":"2024-02-19T06:21:31","modified_gmt":"2024-02-19T06:21:31","slug":"natalia-sokolenko","status":"publish","type":"page","link":"https:\/\/womenreporters.eu\/uk\/ukraine\/natalia-sokolenko\/","title":{"rendered":"Natalia Sokolenko"},"content":{"rendered":"<div data-elementor-type=\"wp-page\" data-elementor-id=\"1089\" class=\"elementor elementor-1089\" data-elementor-post-type=\"page\">\n\t\t\t\t\t\t\t<div class=\"elementor-element elementor-element-3967d63 e-flex e-con-boxed e-con e-parent\" data-id=\"3967d63\" data-element_type=\"container\" data-settings=\"{&quot;container_type&quot;:&quot;flex&quot;,&quot;content_width&quot;:&quot;boxed&quot;}\" data-core-v316-plus=\"true\">\n\t\t\t\t\t<div class=\"e-con-inner\">\n\t\t\t\t<div class=\"elementor-element elementor-element-ff6d1c0 menu-sticky-top elementor-widget elementor-widget-jet-tabs\" data-id=\"ff6d1c0\" data-element_type=\"widget\" data-settings=\"{&quot;tabs_position&quot;:&quot;top&quot;}\" data-widget_type=\"jet-tabs.default\">\n\t\t\t\t<div class=\"elementor-widget-container\">\n\t\t\t\t\t<div class=\"jet-tabs jet-tabs-position-top jet-tabs-move-up-effect\" data-settings=\"{&quot;activeIndex&quot;:0,&quot;event&quot;:&quot;click&quot;,&quot;autoSwitch&quot;:false,&quot;autoSwitchDelay&quot;:3000,&quot;ajaxTemplate&quot;:false,&quot;tabsPosition&quot;:&quot;top&quot;,&quot;switchScrolling&quot;:false,&quot;switchScrollingOffset&quot;:0}\" role=\"tablist\">\n\t\t\t<div class=\"jet-tabs__control-wrapper\">\n\t\t\t\t<div id=\"jet-tabs-control-2671\" class=\"jet-tabs__control jet-tabs__control-icon-left elementor-menu-anchor active-tab\" data-tab=\"1\" tabindex=\"0\" role=\"tab\" aria-controls=\"jet-tabs-content-2671\" aria-expanded=\"true\" data-template-id=\"false\"><div class=\"jet-tabs__control-inner\"><img decoding=\"async\" class=\"jet-tabs__label-image\" src=\"http:\/\/womenreporters.eu\/wp-content\/uploads\/2023\/11\/united-kingdom.svg\" alt=\"\"><div class=\"jet-tabs__label-text\">ENG<\/div><\/div><\/div><div id=\"jet-tabs-control-2672\" class=\"jet-tabs__control jet-tabs__control-icon-left elementor-menu-anchor\" data-tab=\"2\" tabindex=\"0\" role=\"tab\" aria-controls=\"jet-tabs-content-2672\" aria-expanded=\"false\" data-template-id=\"false\"><div class=\"jet-tabs__control-inner\"><img decoding=\"async\" class=\"jet-tabs__label-image\" src=\"http:\/\/womenreporters.eu\/wp-content\/uploads\/2023\/11\/german.svg\" alt=\"\"><div class=\"jet-tabs__label-text\">DEU<\/div><\/div><\/div><div id=\"jet-tabs-control-2673\" class=\"jet-tabs__control jet-tabs__control-icon-left elementor-menu-anchor\" data-tab=\"3\" tabindex=\"0\" role=\"tab\" aria-controls=\"jet-tabs-content-2673\" aria-expanded=\"false\" data-template-id=\"false\"><div class=\"jet-tabs__control-inner\"><img decoding=\"async\" class=\"jet-tabs__label-image\" src=\"http:\/\/womenreporters.eu\/wp-content\/uploads\/2023\/11\/poland.svg\" alt=\"\"><div class=\"jet-tabs__label-text\">POL<\/div><\/div><\/div><div id=\"jet-tabs-control-2674\" class=\"jet-tabs__control jet-tabs__control-icon-left elementor-menu-anchor\" data-tab=\"4\" tabindex=\"0\" role=\"tab\" aria-controls=\"jet-tabs-content-2674\" aria-expanded=\"false\" data-template-id=\"false\"><div class=\"jet-tabs__control-inner\"><img decoding=\"async\" class=\"jet-tabs__label-image\" src=\"http:\/\/womenreporters.eu\/wp-content\/uploads\/2023\/11\/ukraine.svg\" alt=\"\"><div class=\"jet-tabs__label-text\">UKR<\/div><\/div><\/div>\t\t\t<\/div>\n\t\t\t<div class=\"jet-tabs__content-wrapper\">\n\t\t\t\t<div id=\"jet-tabs-content-2671\" class=\"jet-tabs__content active-content\" data-tab=\"1\" role=\"tabpanel\" aria-hidden=\"false\" data-template-id=\"false\"><p><strong>Natalia Sokolenko<\/strong><\/p><h2>\u201cWomen Are 50% of Ukraine\u2019s Success\u201d<\/h2><p><b>A Journalist\u2019s Critical View of the War and the Army from the Inside<\/b><\/p><p><span style=\"font-weight: 400;\"><em>TRANSLATED ABSTRACT of original article<\/em><\/span><\/p><p><span style=\"font-weight: 400;\">The material is prepared in podcast format. Lesya Ganzha, journalist and servicewoman of the Armed Forces of Ukraine, is the guest of this broadcast.<\/span><\/p><p><span style=\"font-weight: 400;\">Lesya explains why she decided against a management position and working in the press office. She emphasizes that she didn\u2019t just want to serve, but actively chose to fight. Her field of work in the armed forces is aerial reconnaissance. She has learned new skills in handling drones and says that she enjoys this work.<\/span><\/p><p><span style=\"font-weight: 400;\">Lesya says that she did not prepare for the war in advance, did not take any practical courses and did not engage in purposeful physical training. But her passion for sailing in civilian life (she has a captain\u2019s license and has crossed the Atlantic) helped her to perform well while serving in the Armed Forces of Ukraine.<\/span><\/p><p><span style=\"font-weight: 400;\">Lesya advises not to despair if your physical training is not of a high level at first, because the most important thing is the desire to be useful in the army and protect the Motherland. The physical form can be brought to the required level later. Lesya admits that she now feels the inefficiency of using her time in the military and believes that this is a systemic army problem.<\/span><\/p><p><span style=\"font-weight: 400;\">Lesya is also a public figure. She managed the website \u201cWomen Are 50% of Ukraine\u2019s Success\u201d. She notes that the Ukrainian army lacks personnel and is convinced that it is necessary to attract women to the army; the state should regulate and determine the place of women in the Ukrainian Armed Forces. It is necessary to change the concept of the army. Use the strengths of a soldier, whether a woman or a man. The state must attract all mobilization resources that the country is capable of in a state of war.<\/span><\/p><p><b>About the Author<\/b><\/p><p><img loading=\"lazy\" decoding=\"async\" class=\"alignnone wp-image-2009 size-thumbnail\" src=\"http:\/\/womenreporters.eu\/wp-content\/uploads\/2023\/11\/9_Natali-Sokolenko_Portrait-100x150.webp\" alt=\"\" width=\"100\" height=\"150\" srcset=\"https:\/\/womenreporters.eu\/wp-content\/uploads\/2023\/11\/9_Natali-Sokolenko_Portrait-100x150.webp 100w, https:\/\/womenreporters.eu\/wp-content\/uploads\/2023\/11\/9_Natali-Sokolenko_Portrait-200x300.webp 200w, https:\/\/womenreporters.eu\/wp-content\/uploads\/2023\/11\/9_Natali-Sokolenko_Portrait-8x12.webp 8w, https:\/\/womenreporters.eu\/wp-content\/uploads\/2023\/11\/9_Natali-Sokolenko_Portrait.webp 420w\" sizes=\"(max-width: 100px) 100vw, 100px\" \/><\/p><p><b>Natalia Sokolenko<\/b> <span style=\"font-weight: 400;\">lives in Kyiv and was a special correspondent for the Windows News program on the STB television channel (2002-2012). In 2009, Natalia received the highest television award in Ukraine &#8211; &#8220;Triumph&#8221; &#8211; in the category of reporters. Since the beginning of the full-scale invasion, she has been conducting daily live broadcasts, covering the war, politics, economy, reforms, and European and Euro-Atlantic integration.<\/span><\/p><\/div><div id=\"jet-tabs-content-2672\" class=\"jet-tabs__content\" data-tab=\"2\" role=\"tabpanel\" aria-hidden=\"true\" data-template-id=\"false\"><p><strong>Natalia Sokolenko<\/strong><\/p><h2>&#8220;Frauen sind 50 % des Erfolgs der Ukraine&#8221;<\/h2><p><b>Der kritische Blick einer Journalistin auf Krieg und Milit\u00e4r von innen<\/b><b>\u00a0<\/b><\/p><p><span style=\"font-weight: 400;\"><em>TRANSLATED ABSTRACT of original article<\/em><\/span><\/p><p><span style=\"font-weight: 400;\">Das Material liegt im Podcast-Format vor. Zu Gast in der Sendung ist Lesia Hanzha, Journalistin und Soldatin bei den ukrainischen Streitkr\u00e4ften.<\/span><\/p><p><span style=\"font-weight: 400;\">Lesia erkl\u00e4rt, warum sie ihren Beruf als Sekret\u00e4rin aufgegeben hat und im Pressedienst arbeitet. Sie betont, dass sie sich nicht nur zum Dienen, sondern auch zum K\u00e4mpfen entschieden hat. Ihr Einsatzgebiet ist die Luftaufkl\u00e4rung. Die Frau hat sich neue F\u00e4higkeiten im Fliegen von Quadcoptern angeeignet. Sie gibt zu, dass ihr diese Arbeit Spa\u00df macht.<\/span><\/p><p><span style=\"font-weight: 400;\">Lesia Ganzha sagt, sie habe sich nicht auf den Krieg vorbereitet, keine Praktika absolviert und keine k\u00f6rperliche Ausbildung gemacht. <\/span><span style=\"font-weight: 400;\">Aber ihre zivile Erfahrung im Segelsport (sie besitzt ein Kapit\u00e4nspatent und hat den Atlantik \u00fcberquert) half ihr, <\/span><span style=\"font-weight: 400;\">ihre Moral w\u00e4hrend des Dienstes in den ukrainischen Streitkr\u00e4ften aufrechtzuerhalten.<\/span><\/p><p><span style=\"font-weight: 400;\">Lesia Hanzha r\u00e4t, sich nicht entmutigen zu lassen, wenn die k\u00f6rperliche Fitness anfangs nicht den Anforderungen entspricht. Das Wichtigste ist der Wunsch, sich in der Armee n\u00fctzlich zu machen und sein Heimatland zu verteidigen. Seine k\u00f6rperliche Fitness kann man mit der Zeit auf das erforderliche Niveau bringen. Lesia Hanzha gibt zu, dass sie heute das Gef\u00fchl hat, dass ihre Zeit in der Armee nicht effektiv genutzt wird, und glaubt, dass dies ein systemisches Problem in der Armee ist.\u00a0<\/span><\/p><p><span style=\"font-weight: 400;\">Lesia ist auch eine soziale Aktivistin. Sie betreibt die Website \u201eFrauen sind 50 % des Erfolgs der Ukraine\u201c. Sie stellt fest, dass es der ukrainischen Armee an Personal fehlt. Sie ist davon \u00fcberzeugt, dass Frauen f\u00fcr die Armee rekrutiert werden sollten und dass der Staat den Platz der Frau in den ukrainischen Streitkr\u00e4ften regeln und definieren sollte. <\/span><span style=\"font-weight: 400;\">Die Armee muss ihr Konzept \u00e4ndern und die St\u00e4rken eines Soldaten, sei es ein Mann oder eine Frau, nutzen. Der Staat sollte alle Mobilisierungsressourcen nutzen, <\/span><span style=\"font-weight: 400;\">zu denen das Land in einem ausgewachsenen Krieg f\u00e4hig ist.<\/span><\/p><\/div><div id=\"jet-tabs-content-2673\" class=\"jet-tabs__content\" data-tab=\"3\" role=\"tabpanel\" aria-hidden=\"true\" data-template-id=\"false\"><p><strong>Natalia Sokolenko<\/strong><\/p><h2>&#8220;Kobiety to 50% sukcesu Ukrainy&#8221;<\/h2><p><b>Krytyczne spojrzenie dziennikarki na wojn\u0119 i armi\u0119 od \u015brodka<\/b><\/p><p><span style=\"font-weight: 400;\"><em>TRANSLATED ABSTRACT of original article<\/em><\/span><\/p><p><span style=\"font-weight: 400;\">Materia\u0142 zrealizowany w formie podcastu. Go\u015bciem programu jest Lesia Hanzcha, dziennikarka i \u017co\u0142nierka Si\u0142 Zbrojnych Ukrainy.<\/span><\/p><p><span style=\"font-weight: 400;\">Lesia wyja\u015bnia, dlaczego zrezygnowa\u0142a z pracy na stanowisku administracyjnym w serwisie prasowym. Podkre\u015bla, \u017ce wybra\u0142a nie tylko s\u0142u\u017cb\u0119, ale i walk\u0119. Specjalizuje si\u0119 rozpoznawaniem terenu z powietrza. Kobieta opanowa\u0142a nowe umiej\u0119tno\u015bci w lataniu kwadro-kopertami. Przyznaje, \u017ce lubi t\u0119 prac\u0119.<\/span><\/p><p><span style=\"font-weight: 400;\">Lesia m\u00f3wi, \u017ce nie przygotowywa\u0142a si\u0119 do wojny z wyprzedzeniem, nie bra\u0142a udzia\u0142u w \u017cadnych praktycznych kursach i nie anga\u017cowa\u0142a si\u0119 w \u017caden trening fizyczny. Jednak jej cywilne do\u015bwiadczenie i pasja do \u017ceglarstwa (ma licencj\u0119 kapitana i do\u015bwiadczenie w p\u0142ywaniu po Atlantyku) pomog\u0142o jej dostosowa\u0107 si\u0119 do s\u0142u\u017cby w Si\u0142ach Zbrojnych Ukrainy.<\/span><\/p><p><span style=\"font-weight: 400;\">Lesia radzi, aby nie zniech\u0119ca\u0107 si\u0119, je\u015bli sprawno\u015b\u0107 fizyczna na pocz\u0105tku nie jest wystarczaj\u0105ca, poniewa\u017c najwa\u017cniejsza jest ch\u0119\u0107 bycia przydatnym w wojsku i obrony ojczyzny, a z czasem mo\u017cna doprowadzi\u0107 swoj\u0105 kondycj\u0119 fizyczn\u0105 do wymaganego poziomu.\u00a0<\/span><\/p><p><span style=\"font-weight: 400;\">Lesia przyznaje, \u017ce teraz czuje, \u017ce jej czas w wojsku nie jest wykorzystywany w najlepszy spos\u00f3b i uwa\u017ca, \u017ce ten problem ma charakter systemowy.\u00a0<\/span><\/p><p><span style=\"font-weight: 400;\">Lesia jest r\u00f3wnie\u017c dzia\u0142aczk\u0105 spo\u0142eczn\u0105. Prowadzi\u0142a stron\u0119 internetow\u0105 &#8220;Kobiety to 50% sukcesu Ukrainy&#8221;. Zauwa\u017ca, \u017ce ukrai\u0144skiej armii brakuje personelu i jest przekonana, \u017ce kobiety powinny by\u0107 rekrutowane do wojska, a pa\u0144stwo powinno uregulowa\u0107 i okre\u015bli\u0107 miejsce kobiet w ukrai\u0144skich si\u0142ach zbrojnych. Musimy zmieni\u0107 koncepcj\u0119 armii. Musimy wykorzysta\u0107 mocne strony \u017co\u0142nierza, niezale\u017cnie od tego, czy jest to kobieta, czy m\u0119\u017cczyzna. Podczas pe\u0142nowymiarowej wojny pa\u0144stwo powinno wykorzysta\u0107 wszystkie zasoby mobilizacyjne, kt\u00f3re posiada kraj.<\/span><\/p><\/div><div id=\"jet-tabs-content-2674\" class=\"jet-tabs__content\" data-tab=\"4\" role=\"tabpanel\" aria-hidden=\"true\" data-template-id=\"false\"><p><strong>\u041d\u0430\u0442\u0430\u043b\u0456\u044f \u0421\u043e\u043a\u043e\u043b\u0435\u043d\u043a\u043e\u00a0<\/strong><\/p><h2>\u00ab\u0416\u0456\u043d\u043a\u0438 \u2013 \u0446\u0435 50% \u0443\u0441\u043f\u0456\u0445\u0443 \u0423\u043a\u0440\u0430\u0457\u043d\u0438\u00bb<\/h2><p><b>\u041a\u0440\u0438\u0442\u0438\u0447\u043d\u0438\u0439 \u043f\u043e\u0433\u043b\u044f\u0434 \u0436\u0443\u0440\u043d\u0430\u043b\u0456\u0441\u0442\u043a\u0438 \u043d\u0430 \u0432\u0456\u0439\u043d\u0443 \u0456 \u0430\u0440\u043c\u0456\u044e \u0437\u0441\u0435\u0440\u0435\u0434\u0438\u043d\u0438<\/b><\/p><p><span style=\"font-weight: 400;\"><em>ABSTRACT of original article<\/em><\/span><\/p><p><span style=\"font-weight: 400;\">\u041c\u0430\u0442\u0435\u0440\u0456\u0430\u043b \u0443 \u0444\u043e\u0440\u043c\u0430\u0442\u0456 \u043f\u043e\u0434\u043a\u0430\u0441\u0442\u0443. \u0413\u043e\u0441\u0442\u044f \u0435\u0444\u0456\u0440\u0443 \u2014 \u041b\u0435\u0441\u044f \u0413\u0430\u043d\u0436\u0430, \u0436\u0443\u0440\u043d\u0430\u043b\u0456\u0441\u0442\u043a\u0430, \u0432\u0456\u0439\u0441\u044c\u043a\u043e\u0432\u043e\u0441\u043b\u0443\u0436\u0431\u043e\u0432\u0438\u0446\u044f \u0417\u0421\u0423.<\/span><\/p><p><span style=\"font-weight: 400;\">\u041b\u0435\u0441\u044f \u0440\u043e\u0437\u043f\u043e\u0432\u0456\u043b\u0430 \u0447\u043e\u043c\u0443 \u0432\u0456\u0434\u043c\u043e\u0432\u0438\u043b\u0430\u0441\u044c \u0432\u0456\u0434 \u043f\u043e\u0441\u0430\u0434\u0438 \u0434\u0456\u043b\u043e\u0432\u043e\u0434\u0430 \u0442\u0430 \u0440\u043e\u0431\u043e\u0442\u0438 \u0443 \u043f\u0440\u0435\u0441\u0441\u043b\u0443\u0436\u0431\u0456. \u0412\u043e\u043d\u0430 \u043f\u0456\u0434\u043a\u0440\u0435\u0441\u043b\u044e\u0454, \u0449\u043e \u043e\u0431\u0440\u0430\u043b\u0430 \u043d\u0435 \u043f\u0440\u043e\u0441\u0442\u043e \u0441\u043b\u0443\u0436\u0438\u0442\u0438, \u0430 \u0441\u0430\u043c\u0435 \u0432\u043e\u044e\u0432\u0430\u0442\u0438. \u041d\u0430\u043f\u0440\u044f\u043c\u043e\u043a \u043d\u0430 \u044f\u043a\u043e\u043c\u0443 \u043f\u0440\u0430\u0446\u044e\u0454 \u0432\u0456\u0439\u0441\u044c\u043a\u043e\u0432\u043e\u0441\u043b\u0443\u0436\u0431\u043e\u0432\u0438\u0446\u044f &#8211; \u0430\u0435\u0440\u043e\u0440\u043e\u0437\u0432\u0456\u0434\u043a\u0430. \u0416\u0456\u043d\u043a\u0430 \u043e\u043f\u0430\u043d\u0443\u0432\u0430\u043b\u0430 \u043d\u043e\u0432\u0456 \u0434\u043b\u044f \u0441\u0435\u0431\u0435 \u043d\u0430\u0432\u0438\u0447\u043a\u0438 \u043a\u0435\u0440\u0443\u0432\u0430\u043d\u043d\u044f \u043a\u0432\u0430\u0434\u0440\u043e\u043a\u043e\u043f\u0442\u0435\u0440\u0430\u043c\u0438. \u0412\u043e\u043d\u0430 \u0437\u0456\u0437\u043d\u0430\u0454\u0442\u044c\u0441\u044f, \u0449\u043e \u0457\u0439 \u043f\u043e\u0434\u043e\u0431\u0430\u0454\u0442\u044c\u0441\u044f \u0446\u044f \u0440\u043e\u0431\u043e\u0442\u0430.<\/span><\/p><p><span style=\"font-weight: 400;\">\u041f\u0430\u043d\u0456 \u041b\u0435\u0441\u044f \u0413\u0430\u043d\u0436\u0430 \u0434\u0456\u043b\u0438\u0442\u044c\u0441\u044f, \u0449\u043e \u0437\u0430\u0437\u0434\u0430\u043b\u0435\u0433\u0456\u0434\u044c \u043d\u0435 \u0433\u043e\u0442\u0443\u0432\u0430\u043b\u0430\u0441\u044c \u0434\u043e \u0432\u0456\u0439\u043d\u0438, \u043d\u0435 \u043f\u0440\u043e\u0445\u043e\u0434\u0438\u043b\u0430 \u0436\u043e\u0434\u043d\u0438\u0445 \u043f\u0440\u0430\u043a\u0442\u0438\u0447\u043d\u0438\u0445 \u043a\u0443\u0440\u0441\u0456\u0432 \u0442\u0430 \u043d\u0435 \u0437\u0430\u0439\u043c\u0430\u043b\u0430\u0441\u044c \u0446\u0456\u043b\u0435\u0441\u043f\u0440\u044f\u043c\u043e\u0432\u0430\u043d\u043e \u0444\u0456\u0437\u0438\u0447\u043d\u043e\u044e \u043f\u0456\u0434\u0433\u043e\u0442\u043e\u0432\u043a\u043e\u044e. \u0410\u043b\u0435 \u0446\u0438\u0432\u0456\u043b\u044c\u043d\u0438\u0439 \u0434\u043e\u0441\u0432\u0456\u0434 \u0443 \u0432\u0438\u0433\u043b\u044f\u0434\u0456 \u0437\u0430\u0445\u043e\u043f\u043b\u0435\u043d\u043d\u044f \u0432\u0456\u0442\u0440\u0438\u043b\u044c\u043d\u0438\u043c \u0441\u043f\u043e\u0440\u0442\u043e\u043c (\u0432\u043e\u043d\u0430 \u043c\u0430\u0454 \u043f\u043e\u0441\u0432\u0456\u0434\u0447\u0435\u043d\u043d\u044f \u043a\u0430\u043f\u0456\u0442\u0430\u043d\u0430 \u0456 \u0434\u043e\u0441\u0432\u0456\u0434 \u043f\u0435\u0440\u0435\u0442\u0438\u043d\u0430\u043d\u043d\u044f \u0410\u0442\u043b\u0430\u043d\u0442\u0438\u043a\u0438), \u0434\u043e\u043f\u043e\u043c\u0456\u0433 \u0457\u0439 \u0433\u0456\u0434\u043d\u043e \u0442\u0440\u0438\u043c\u0430\u0442\u0438\u0441\u044f \u0432 \u0441\u0442\u0440\u043e\u044e \u043d\u0430 \u0441\u043b\u0443\u0436\u0431\u0456 \u0443 \u0417\u0431\u0440\u043e\u0439\u043d\u0438\u0445 \u0421\u0438\u043b\u0430\u0445 \u0423\u043a\u0440\u0430\u0457\u043d\u0438.<\/span><\/p><p><span style=\"font-weight: 400;\">\u041b\u0435\u0441\u044f \u0440\u0430\u0434\u0438\u0442\u044c \u043d\u0435 \u043a\u043e\u043c\u043f\u043b\u0435\u043a\u0441\u0443\u0432\u0430\u0442\u0438, \u044f\u043a\u0449\u043e \u0444\u0456\u0437\u0438\u0447\u043d\u0430 \u043f\u0456\u0434\u0433\u043e\u0442\u043e\u0432\u043a\u0430 \u043d\u0430 \u043f\u0435\u0440\u0448\u0438\u0445 \u043f\u043e\u0440\u0430\u0445 \u043d\u0435 \u0432\u0438\u0441\u043e\u043a\u043e\u0433\u043e \u0440\u0456\u0432\u043d\u044f, \u0430\u0434\u0436\u0435 \u043d\u0430\u0439\u0433\u043e\u043b\u043e\u0432\u043d\u0456\u0448\u0435 \u0446\u0435 \u0431\u0430\u0436\u0430\u043d\u043d\u044f \u0431\u0443\u0442\u0438 \u043a\u043e\u0440\u0438\u0441\u043d\u0438\u043c \u0443 \u0432\u0456\u0439\u0441\u044c\u043a\u0443 \u0442\u0430 \u0437\u0430\u0445\u0438\u0449\u0430\u0442\u0438 \u0411\u0430\u0442\u044c\u043a\u0456\u0432\u0449\u0438\u043d\u0443, \u0430 \u0444\u0456\u0437\u0438\u0447\u043d\u0443 \u0444\u043e\u0440\u043c\u0443 \u043c\u043e\u0436\u043d\u0430 \u0434\u043e\u0432\u0435\u0441\u0442\u0438 \u0434\u043e \u043d\u0435\u043e\u0431\u0445\u0456\u0434\u043d\u043e\u0433\u043e \u0440\u0456\u0432\u043d\u044f \u0437\u0433\u043e\u0434\u043e\u043c.\u00a0<\/span><\/p><p><span style=\"font-weight: 400;\">\u041b\u0435\u0441\u044f \u0413\u0430\u043d\u0436\u0430 \u0437\u0456\u0437\u043d\u0430\u0454\u0442\u044c\u0441\u044f, \u0449\u043e \u0437\u0430\u0440\u0430\u0437 \u0432\u0456\u0434\u0447\u0443\u0432\u0430\u0454 \u043d\u0435\u0435\u0444\u0435\u043a\u0442\u0438\u0432\u043d\u0456\u0441\u0442\u044c \u0432\u0438\u043a\u043e\u0440\u0438\u0441\u0442\u0430\u043d\u043d\u044f \u0441\u0432\u043e\u0433\u043e \u0447\u0430\u0441\u0443 \u043d\u0430 \u0441\u043b\u0443\u0436\u0431\u0456 \u0456 \u0432\u0432\u0430\u0436\u0430\u0454, \u0449\u043e \u0446\u0435 \u0454 \u0441\u0438\u0441\u0442\u0435\u043c\u043d\u043e\u044e \u0430\u0440\u043c\u0456\u0439\u0441\u044c\u043a\u043e\u044e \u043f\u0440\u043e\u0431\u043b\u0435\u043c\u043e\u044e.\u00a0<\/span><\/p><p><span style=\"font-weight: 400;\">\u041b\u0435\u0441\u044f \u0442\u0430\u043a\u043e\u0436 \u0454 \u0433\u0440\u043e\u043c\u0430\u0434\u0441\u044c\u043a\u043e\u044e \u0434\u0456\u044f\u0447\u043a\u043e\u044e. \u0412\u043e\u043d\u0430 \u043a\u0435\u0440\u0443\u0432\u0430\u043b\u0430 \u0441\u0430\u0439\u0442\u043e\u043c \u00ab\u0416\u0456\u043d\u043a\u0438 \u2013 \u0446\u0435 50% \u0443\u0441\u043f\u0456\u0445\u0443 \u0423\u043a\u0440\u0430\u0457\u043d\u0438\u00bb. \u0412\u043e\u043d\u0430 \u0432\u0456\u0434\u0437\u043d\u0430\u0447\u0430\u0454, \u0449\u043e \u0443\u043a\u0440\u0430\u0457\u043d\u0441\u044c\u043a\u0456\u0439 \u0430\u0440\u043c\u0456\u0457 \u043d\u0435 \u0432\u0438\u0441\u0442\u0430\u0447\u0430\u0454 \u043a\u0430\u0434\u0440\u0456\u0432 \u0456 \u043f\u0435\u0440\u0435\u043a\u043e\u043d\u0430\u043d\u0430, \u0449\u043e \u0434\u043e \u0430\u0440\u043c\u0456\u0457 \u0442\u0440\u0435\u0431\u0430 \u0437\u0430\u043b\u0443\u0447\u0430\u0442\u0438 \u0436\u0456\u043d\u043e\u043a \u0456 \u0434\u0435\u0440\u0436\u0430\u0432\u0430 \u0432 \u0442\u0430\u043a\u043e\u043c\u0443 \u0432\u0438\u043f\u0430\u0434\u043a\u0443 \u043c\u0430\u0454 \u0432\u0440\u0435\u0433\u0443\u043b\u044e\u0432\u0430\u0442\u0438 \u0442\u0430 \u0432\u0438\u0437\u043d\u0430\u0447\u0438\u0442\u0438 \u043c\u0456\u0441\u0446\u0435 \u0436\u0456\u043d\u043a\u0438 \u0432 \u0443\u043a\u0440\u0430\u0457\u043d\u0441\u044c\u043a\u0438\u0445 \u0417\u0431\u0440\u043e\u0454\u043d\u0438\u0445 \u0421\u0438\u043b\u0430\u0445. \u0422\u0440\u0435\u0431\u0430 \u0437\u043c\u0456\u043d\u044e\u0432\u0430\u0442\u0438 \u043a\u043e\u043d\u0446\u0435\u043f\u0446\u0456\u044e \u0430\u0440\u043c\u0456\u0457. \u0412\u0438\u043a\u043e\u0440\u0438\u0441\u0442\u043e\u0432\u0443\u0432\u0430\u0442\u0438 \u0441\u0438\u043b\u044c\u043d\u0456 \u0441\u0442\u043e\u0440\u043e\u043d\u0438 \u0441\u043e\u043b\u0434\u0430\u0442\u0430 \u0431\u0443\u0434\u044c-\u0442\u043e \u0436\u0456\u043d\u043a\u0430 \u0447\u0438 \u0447\u043e\u043b\u043e\u0432\u0456\u043a. \u0414\u0435\u0440\u0436\u0430\u0432\u0430 \u043c\u0430\u0454 \u0437\u0430\u043b\u0443\u0447\u0430\u0442\u0438 \u0432\u0441\u0456 \u043c\u043e\u0431\u0456\u043b\u0456\u0437\u0430\u0446\u0456\u0439\u043d\u0456 \u0440\u0435\u0441\u0443\u0440\u0441\u0438 \u043d\u0430 \u044f\u043a\u0456 \u0441\u043f\u0440\u043e\u043c\u043e\u0436\u043d\u0430 \u043a\u0440\u0430\u0457\u043d\u0430 \u0443 \u0441\u0442\u0430\u043d\u0456 \u043f\u043e\u0432\u043d\u043e\u043c\u0430\u0441\u0448\u0442\u0430\u0431\u043d\u043e\u0457 \u0432\u0456\u0439\u043d\u0438.<\/span><\/p><\/div>\t\t\t<\/div>\n\t\t<\/div>\n\t\t\t\t<\/div>\n\t\t\t\t<\/div>\n\t\t\t\t\t<\/div>\n\t\t\t\t<\/div>\n\t\t\t\t\t\t\t<\/div>","protected":false},"excerpt":{"rendered":"<p>ENGDEUPOLUKR Natalia Sokolenko \u201cWomen Are 50% of Ukraine\u2019s Success\u201d A Journalist\u2019s Critical View of the War and the Army from the Inside TRANSLATED ABSTRACT of original article The material is prepared in podcast format. Lesya Ganzha, journalist and servicewoman of the Armed Forces of Ukraine, is the guest of this broadcast. Lesya explains why she [&hellip;]<\/p>","protected":false},"author":1,"featured_media":0,"parent":976,"menu_order":9,"comment_status":"closed","ping_status":"closed","template":"elementor_header_footer","meta":{"footnotes":""},"_links":{"self":[{"href":"https:\/\/womenreporters.eu\/uk\/wp-json\/wp\/v2\/pages\/1089"}],"collection":[{"href":"https:\/\/womenreporters.eu\/uk\/wp-json\/wp\/v2\/pages"}],"about":[{"href":"https:\/\/womenreporters.eu\/uk\/wp-json\/wp\/v2\/types\/page"}],"author":[{"embeddable":true,"href":"https:\/\/womenreporters.eu\/uk\/wp-json\/wp\/v2\/users\/1"}],"replies":[{"embeddable":true,"href":"https:\/\/womenreporters.eu\/uk\/wp-json\/wp\/v2\/comments?post=1089"}],"version-history":[{"count":16,"href":"https:\/\/womenreporters.eu\/uk\/wp-json\/wp\/v2\/pages\/1089\/revisions"}],"predecessor-version":[{"id":2137,"href":"https:\/\/womenreporters.eu\/uk\/wp-json\/wp\/v2\/pages\/1089\/revisions\/2137"}],"up":[{"embeddable":true,"href":"https:\/\/womenreporters.eu\/uk\/wp-json\/wp\/v2\/pages\/976"}],"wp:attachment":[{"href":"https:\/\/womenreporters.eu\/uk\/wp-json\/wp\/v2\/media?parent=1089"}],"curies":[{"name":"wp","href":"https:\/\/api.w.org\/{rel}","templated":true}]}}