{"id":995,"date":"2023-11-18T23:56:55","date_gmt":"2023-11-18T23:56:55","guid":{"rendered":"https:\/\/womenreporters.eu\/?page_id=995"},"modified":"2024-02-19T06:16:04","modified_gmt":"2024-02-19T06:16:04","slug":"iryna-sytnik","status":"publish","type":"page","link":"https:\/\/womenreporters.eu\/ge\/ukraine\/iryna-sytnik\/","title":{"rendered":"Iryna Sytnik"},"content":{"rendered":"<div data-elementor-type=\"wp-page\" data-elementor-id=\"995\" class=\"elementor elementor-995\" data-elementor-post-type=\"page\">\n\t\t\t\t\t\t\t<div class=\"elementor-element elementor-element-dd41ffa e-flex e-con-boxed e-con e-parent\" data-id=\"dd41ffa\" data-element_type=\"container\" data-settings=\"{&quot;container_type&quot;:&quot;flex&quot;,&quot;content_width&quot;:&quot;boxed&quot;}\" data-core-v316-plus=\"true\">\n\t\t\t\t\t<div class=\"e-con-inner\">\n\t\t\t\t<div class=\"elementor-element elementor-element-ec40373 menu-sticky-top elementor-widget elementor-widget-jet-tabs\" data-id=\"ec40373\" data-element_type=\"widget\" data-settings=\"{&quot;tabs_position&quot;:&quot;top&quot;}\" data-widget_type=\"jet-tabs.default\">\n\t\t\t\t<div class=\"elementor-widget-container\">\n\t\t\t\t\t<div class=\"jet-tabs jet-tabs-position-top jet-tabs-move-up-effect\" data-settings=\"{&quot;activeIndex&quot;:0,&quot;event&quot;:&quot;click&quot;,&quot;autoSwitch&quot;:false,&quot;autoSwitchDelay&quot;:3000,&quot;ajaxTemplate&quot;:false,&quot;tabsPosition&quot;:&quot;top&quot;,&quot;switchScrolling&quot;:false,&quot;switchScrollingOffset&quot;:0}\" role=\"tablist\">\n\t\t\t<div class=\"jet-tabs__control-wrapper\">\n\t\t\t\t<div id=\"jet-tabs-control-2471\" class=\"jet-tabs__control jet-tabs__control-icon-left elementor-menu-anchor active-tab\" data-tab=\"1\" tabindex=\"0\" role=\"tab\" aria-controls=\"jet-tabs-content-2471\" aria-expanded=\"true\" data-template-id=\"false\"><div class=\"jet-tabs__control-inner\"><img decoding=\"async\" class=\"jet-tabs__label-image\" src=\"http:\/\/womenreporters.eu\/wp-content\/uploads\/2023\/11\/united-kingdom.svg\" alt=\"\"><div class=\"jet-tabs__label-text\">ENG<\/div><\/div><\/div><div id=\"jet-tabs-control-2472\" class=\"jet-tabs__control jet-tabs__control-icon-left elementor-menu-anchor\" data-tab=\"2\" tabindex=\"0\" role=\"tab\" aria-controls=\"jet-tabs-content-2472\" aria-expanded=\"false\" data-template-id=\"false\"><div class=\"jet-tabs__control-inner\"><img decoding=\"async\" class=\"jet-tabs__label-image\" src=\"http:\/\/womenreporters.eu\/wp-content\/uploads\/2023\/11\/german.svg\" alt=\"\"><div class=\"jet-tabs__label-text\">DEU<\/div><\/div><\/div><div id=\"jet-tabs-control-2473\" class=\"jet-tabs__control jet-tabs__control-icon-left elementor-menu-anchor\" data-tab=\"3\" tabindex=\"0\" role=\"tab\" aria-controls=\"jet-tabs-content-2473\" aria-expanded=\"false\" data-template-id=\"false\"><div class=\"jet-tabs__control-inner\"><img decoding=\"async\" class=\"jet-tabs__label-image\" src=\"http:\/\/womenreporters.eu\/wp-content\/uploads\/2023\/11\/poland.svg\" alt=\"\"><div class=\"jet-tabs__label-text\">POL<\/div><\/div><\/div><div id=\"jet-tabs-control-2474\" class=\"jet-tabs__control jet-tabs__control-icon-left elementor-menu-anchor\" data-tab=\"4\" tabindex=\"0\" role=\"tab\" aria-controls=\"jet-tabs-content-2474\" aria-expanded=\"false\" data-template-id=\"false\"><div class=\"jet-tabs__control-inner\"><img decoding=\"async\" class=\"jet-tabs__label-image\" src=\"http:\/\/womenreporters.eu\/wp-content\/uploads\/2023\/11\/ukraine.svg\" alt=\"\"><div class=\"jet-tabs__label-text\">UKR<\/div><\/div><\/div>\t\t\t<\/div>\n\t\t\t<div class=\"jet-tabs__content-wrapper\">\n\t\t\t\t<div id=\"jet-tabs-content-2471\" class=\"jet-tabs__content active-content\" data-tab=\"1\" role=\"tabpanel\" aria-hidden=\"false\" data-template-id=\"false\"><h6><strong>Iryna Sytnik<\/strong><\/h6><h2><span style=\"font-weight: 400;\">Yana Horokhova<\/span><\/h2><p><b>If You Took a Machine Gun \u2013 You Are Not a Girl, but a Fighter<\/b><\/p><p><em>TRANSLATED ABSTRACT of original article<\/em><\/p><p><span style=\"font-weight: 400;\">Iryna Sytnik writes about wom<\/span><span style=\"font-weight: 400;\">en who stood up for the defense of Ukraine. <\/span><span style=\"font-weight: 400;\">Her subject Yana Horokhova is a volunteer paramedic. The journalist tells us about the conditions in which a woman works and what she believes in. Yana has a pedagogical education, she is a teacher of Ukrainian and German languages and an administration manager. Before the full-scale invasion, Yana worked in a state structure, and was engaged in producing and sewing leather clothes and accessories, using hand stitching.<\/span><\/p><p><span style=\"font-weight: 400;\">At the beginning of 2014, Yana completed courses on providing first aid. Paramedics do not provide treatment. They provide assistance in emergency situations at the prehospital stage. Now a combat medic is a part of the team, goes into battle together with the group and must have general military training. If a medic does not know everything that a group of fighters can do, then it is simply a burden for the group, Yana says. General military training for frontline medics and paramedics is essential. The standard weight of the equipment is approximately 15 kg.<\/span><\/p><p><span style=\"font-weight: 400;\">Yana tells us about the most important event that happened to her during the war \u2013 marriage. She met her husband during her military service. This gives her strength and motivation. Now they serve in different units. They are in touch every day, and meet each other every month.<\/span><\/p><p><span style=\"font-weight: 400;\">Regarding emotions in war, the paramedic says that you can\u2019t give free rein to emotions. A wounded soldier needs to see a confident person saving him. Yana admits that she plans to visit a psychotherapist after returning home.<\/span><\/p><p><b><br \/>About the Author<\/b><\/p><p><img loading=\"lazy\" decoding=\"async\" class=\"alignnone wp-image-1977 size-thumbnail\" src=\"http:\/\/womenreporters.eu\/wp-content\/uploads\/2023\/11\/4_Iryna-Sytnik_Portrait-150x113.webp\" alt=\"\" width=\"150\" height=\"113\" srcset=\"https:\/\/womenreporters.eu\/wp-content\/uploads\/2023\/11\/4_Iryna-Sytnik_Portrait-150x113.webp 150w, https:\/\/womenreporters.eu\/wp-content\/uploads\/2023\/11\/4_Iryna-Sytnik_Portrait-300x225.webp 300w, https:\/\/womenreporters.eu\/wp-content\/uploads\/2023\/11\/4_Iryna-Sytnik_Portrait-16x12.webp 16w, https:\/\/womenreporters.eu\/wp-content\/uploads\/2023\/11\/4_Iryna-Sytnik_Portrait.webp 420w\" sizes=\"(max-width: 150px) 100vw, 150px\" \/><\/p><p><b>Iryna Sytnik <\/b><span style=\"font-weight: 400;\">is a journalist born in the city of Petropavlivka, Ukraine. She was editor-in-chief of the regional newspaper Stepova Zoria and the website Petropavlivka.City. She has the accreditation of the Armed Forces of Ukraine. During the war, Iryna visited the areas of Soledar and Zaporizhzhya, where hostilities were taking place, and the de-occupied areas of the Donetsk region. She was awarded the &#8220;Honor and Glory&#8221; prize for her civic activity. She loves traveling, her profession and her little grandson Davyd.<\/span><\/p><\/div><div id=\"jet-tabs-content-2472\" class=\"jet-tabs__content\" data-tab=\"2\" role=\"tabpanel\" aria-hidden=\"true\" data-template-id=\"false\"><h6><strong>Iryna Sytnik<\/strong><\/h6><h2>Yana Horokhova<\/h2><p><b>Du nahmst ein Gewehr &#8211; du bist kein M\u00e4dchen, sondern eine K\u00e4mpferin<\/b><\/p><p><span style=\"font-weight: 400;\"><em>TRANSLATED ABSTRACT of original article<\/em><\/span><\/p><p><span style=\"font-weight: 400;\">Yana Horokhova ist eine freiwillige Sanit\u00e4terin. Sie hat eine p\u00e4dagogische Ausbildung als Lehrerin f\u00fcr ukrainische und deutsche Sprache sowie eine Verwaltungsmanagement-Ausbildung. Vor dem gro\u00dfen Einmarsch arbeitete Yana in staatlichen Strukturen und stellte sie in Handarbeit Lederbekleidung und Accessoires her.<\/span><\/p><p><span style=\"font-weight: 400;\">Schon Anfang 2014 absolvierte Yana einen Erste-Hilfe-Kurs. Sanit\u00e4terinnen f\u00fchren keine medizinischen Behandlungen durch. Sie leisten Hilfe bei Notf\u00e4llen bevor Patienten ins Krankenhaus kommen.\u00a0 Heute sind Kampfsanit\u00e4ter Teil eines Teams, das zusammen mit der Einheit in den Kampf zieht und eine allgemeine milit\u00e4rische Ausbildung haben muss. \u201eWenn ein Sanit\u00e4ter nicht alles wei\u00df, was eine Einheit von K\u00e4mpfern kann, dann ist er nur eine Belastung f\u00fcr die Einheit&#8221;, sagt Yana. Eine allgemeine milit\u00e4rische Ausbildung ist f\u00fcr Sanit\u00e4ter an der Front unerl\u00e4sslich. Das Standardgewicht der Ausr\u00fcstung betr\u00e4gt etwa 15 kg.<\/span><\/p><p><span style=\"font-weight: 400;\">Yana erz\u00e4hlte uns von dem wichtigsten Ereignis w\u00e4hrend des Krieges &#8211; ihrer Heirat. Sie und ihr Mann lernten sich w\u00e4hrend ihres Dienstes kennen. Jetzt gibt ihr das Kraft und Motivation. Sie dienen nun in verschiedenen Einheiten. Sie sprechen jeden Tag miteinander und sehen sich einmal im Monat.\u00a0<\/span><\/p><p><span style=\"font-weight: 400;\">\u00dcber ihre Emotionen im Krieg sagt die Sanit\u00e4terin, dass man Emotionen nicht freien Lauf lassen darf. Ein verletzter K\u00e4mpfer muss vor sich eine selbstbewusste Person sehen, die ihn rettet. Yana gesteht, dass sie nach ihrer R\u00fcckkehr nach Hause plant, einen Psychotherapeuten aufzusuchen<\/span><span style=\"font-weight: 400;\">.<\/span><\/p><\/div><div id=\"jet-tabs-content-2473\" class=\"jet-tabs__content\" data-tab=\"3\" role=\"tabpanel\" aria-hidden=\"true\" data-template-id=\"false\"><h6><strong>Iryna Sytnik<\/strong><\/h6><h2>Yana Horokhova<\/h2><p><b>Je\u015bli we\u017amiesz do r\u0119ki karabin, nie jeste\u015b ju\u017c dziewczyn\u0105, jeste\u015b \u017co\u0142nierk\u0105.<\/b><\/p><p><em>TRANSLATED ABSTRACT of original article<\/em><\/p><p><span style=\"font-weight: 400;\">Iryna Sytnyk pisze o kobietach, kt\u00f3re s\u0105 obro\u0144czyniami Ukrainy.\u00a0<\/span><\/p><p><span style=\"font-weight: 400;\">Jej bohaterka Jana Gorokchowa jest ochotnicz\u0105 i ratowniczk\u0105 medyczn\u0105. Dziennikarka opisuje warunki, w jakich pracuje Jana oraz jej system warto\u015bci.\u00a0<\/span><\/p><p><span style=\"font-weight: 400;\">Jana posiada wykszta\u0142cenie pedagogiczne. Pracowa\u0142a jako nauczycielka j\u0119zyka ukrai\u0144skiego i niemieckiego oraz specjalistka do spraw zarz\u0105dzania. Przed pe\u0142noskalow\u0105 inwazj\u0105 Jana pracowa\u0142a dla agencji rz\u0105dowej, lecz hobbistyczne zajmowa\u0142a si\u0119 modelowaniem i r\u0119cznym szyciem odzie\u017cy sk\u00f3rzanej i akcesori\u00f3w.<\/span><\/p><p><span style=\"font-weight: 400;\">Na pocz\u0105tku 2014 roku Jana przesz\u0142a szkolenie z pierwszej pomocy.<\/span><\/p><p><span style=\"font-weight: 400;\">Ratownicy medyczni nie zapewniaj\u0105 leczenia. Udzielaj\u0105 pomocy w nag\u0142ych wypadkach na etapie przedszpitalnym. Obecnie medyk bojowy jest cz\u0119\u015bci\u0105 grupy bojowej, idzie do walki z grup\u0105 i musi mie\u0107 og\u00f3lne przeszkolenie wojskowe. Je\u015bli medyk nie posiada takich samych umiej\u0119tno\u015bci jak reszta grupy, w\u00f3wczas jest on dla niej tylko ci\u0119\u017carem&#8221; &#8211; m\u00f3wi Jana. Podstawowe przygotowanie wojskowe jest niezb\u0119dne dla medyk\u00f3w i ratownik\u00f3w medycznych na pierwszej linii frontu.\u00a0<\/span><\/p><p><span style=\"font-weight: 400;\">Standardowa waga sprz\u0119tu wynosi oko\u0142o 15 kg.<\/span><\/p><p><span style=\"font-weight: 400;\">Jana opowiedzia\u0142a o najwa\u017cniejszym wydarzeniu jakie mia\u0142o miejsce podczas wojny &#8211; swoim ma\u0142\u017ce\u0144stwie. Z m\u0119\u017cem poznali si\u0119 podczas s\u0142u\u017cby. Zwi\u0105zek ten daje jej teraz si\u0142\u0119 i motywacj\u0119. S\u0142u\u017c\u0105 z m\u0119\u017cem w r\u00f3\u017cnych jednostkach. Rozmawiaj\u0105 codziennie, cho\u0107 widuj\u0105 si\u0119 raz na miesi\u0105c.\u00a0<\/span><\/p><p><span style=\"font-weight: 400;\">Ratowniczka m\u00f3wi, \u017ce na wojnie nie mo\u017cna da\u0107 upustu swoim emocjom. Ranny \u017co\u0142nierz musi widzie\u0107 pewn\u0105 siebie osob\u0119, kt\u00f3ra go ratuje. Jana przyznaje jednak, \u017ce po powrocie z frontu planuje zg\u0142osi\u0107 si\u0119 do psychoterapeuty. <\/span><\/p><\/div><div id=\"jet-tabs-content-2474\" class=\"jet-tabs__content\" data-tab=\"4\" role=\"tabpanel\" aria-hidden=\"true\" data-template-id=\"false\"><h6><strong>Iryna Sytnik<\/strong><\/h6><h2>\u042f\u043d\u0430 \u0413\u043e\u0440\u043e\u0445\u043e\u0432\u0430<\/h2><p><b>\u0423\u0437\u044f\u043b\u0430 \u0430\u0432\u0442\u043e\u043c\u0430\u0442 &#8211; \u0442\u0438 \u043d\u0435 \u0434\u0456\u0432\u0447\u0438\u043d\u043a\u0430, \u0430 \u0431\u043e\u0454\u0446\u044c<\/b><\/p><p><em>ABSTRACT of original article<\/em><\/p><p><span style=\"font-weight: 400;\">\u0406\u0440\u0438\u043d\u0430 \u0421\u0438\u0442\u043d\u0456\u043a \u043f\u0438\u0448\u0435 \u043f\u0440\u043e \u0436\u0456\u043d\u043e\u043a, \u044f\u043a\u0456 \u0441\u0442\u0430\u043b\u0438 \u043d\u0430 \u043e\u0431\u043e\u0440\u043e\u043d\u0443 \u0423\u043a\u0440\u0430\u0457\u043d\u0438.\u00a0<\/span><\/p><p><span style=\"font-weight: 400;\">\u0407\u0457 \u0433\u0435\u0440\u043e\u0457\u043d\u044f \u042f\u043d\u0430 \u0413\u043e\u0440\u043e\u0445\u043e\u0432\u0430 \u2013 \u0434\u043e\u0431\u0440\u043e\u0432\u043e\u043b\u0435\u0446\u044c, \u043f\u0430\u0440\u0430\u043c\u0435\u0434\u0438\u043a. \u0416\u0443\u0440\u043d\u0430\u043b\u0456\u0441\u0442\u043a\u0430 \u0440\u043e\u0437\u043f\u043e\u0432\u0456\u0434\u0430\u0454 \u0443 \u044f\u043a\u0438\u0445 \u0443\u043c\u043e\u0432\u0430\u0445 \u043f\u0440\u0430\u0446\u044e\u0454 \u0436\u0456\u043d\u043a\u0430 \u0442\u0430 \u0443 \u0449\u043e \u0432\u0456\u0440\u0438\u0442\u044c,<\/span><\/p><p><span style=\"font-weight: 400;\">\u0417\u0430 \u043e\u0441\u0432\u0456\u0442\u043e\u044e, \u042f\u043d\u0430 \u0413\u043e\u0440\u043e\u0445\u043e\u0432\u0430, \u043c\u0430\u0454 \u043f\u0435\u0434\u0430\u0433\u043e\u0433\u0456\u0447\u043d\u0443 \u043e\u0441\u0432\u0456\u0442\u0443 &#8211; \u0432\u0447\u0438\u0442\u0435\u043b\u044c\u043a\u0430 \u0443\u043a\u0440\u0430\u0457\u043d\u0441\u044c\u043a\u043e\u0457 \u0442\u0430 \u043d\u0456\u043c\u0435\u0446\u044c\u043a\u043e\u0457 \u043c\u043e\u0432; \u043c\u0435\u043d\u0435\u0434\u0436\u0435\u0440\u0430 \u0430\u0434\u043c\u0456\u043d\u0456\u0441\u0442\u0440\u0443\u0432\u0430\u043d\u043d\u044f. \u0414\u043e \u043f\u043e\u0432\u043d\u043e\u043c\u0430\u0441\u0448\u0442\u0430\u0431\u043d\u043e\u0433\u043e \u0432\u0442\u043e\u0440\u0433\u043d\u0435\u043d\u043d\u044f \u042f\u043d\u0430 \u043f\u0440\u0430\u0446\u044e\u0432\u0430\u043b\u0430 \u0443 \u0434\u0435\u0440\u0436\u0430\u043d\u0456\u0439 \u0441\u0442\u0440\u0443\u043a\u0442\u0443\u0440\u0456, \u0456 \u0437\u0430\u0439\u043c\u0430\u043b\u0430\u0441\u044f \u043c\u043e\u0434\u0435\u043b\u044e\u0432\u0430\u043d\u043d\u044f\u043c \u0442\u0430 \u0448\u0438\u0442\u0442\u044f\u043c \u0448\u043a\u0456\u0440\u044f\u043d\u043e\u0433\u043e \u043e\u0434\u044f\u0433\u0443 \u0442\u0430 \u0430\u043a\u0441\u0435\u0441\u0443\u0430\u0440\u0456\u0432, \u0432\u0438\u043a\u043e\u0440\u0438\u0441\u0442\u043e\u0432\u0443\u044e\u0447\u0438 \u0440\u0443\u0447\u043d\u0438\u0439 \u0448\u043e\u0432.<\/span><\/p><p><span style=\"font-weight: 400;\">\u0429\u0435 \u043d\u0430 \u043f\u043e\u0447\u0430\u0442\u043a\u0443 2014 \u0440\u043e\u043a\u0443 \u042f\u043d\u0430 \u043f\u0440\u043e\u0439\u0448\u043b\u0430 \u043a\u0443\u0440\u0441\u0438 \u0456\u0437 \u043d\u0430\u0434\u0430\u043d\u043d\u044f \u0434\u043e\u043c\u0435\u0434\u0438\u0447\u043d\u043e\u0457 \u0434\u043e\u043f\u043e\u043c\u043e\u0433\u0438. <\/span><span style=\"font-weight: 400;\">\u041f\u0430\u0440\u0430\u043c\u0435\u0434\u0438\u043a\u0438 \u043b\u0456\u043a\u0443\u0432\u0430\u043d\u043d\u044f\u043c \u043d\u0435 \u0437\u0430\u0439\u043c\u0430\u044e\u0442\u044c\u0441\u044f. \u0412\u043e\u043d\u0438 \u043d\u0430\u0434\u0430\u044e\u0442\u044c \u0434\u043e\u043f\u043e\u043c\u043e\u0433\u0443 \u043f\u0440\u0438 \u043d\u0435\u0432\u0456\u0434\u043a\u043b\u0430\u0434\u043d\u0438\u0445 \u0441\u0442\u0430\u043d\u0430\u0445 \u043d\u0430 \u0434\u043e\u0433\u043e\u0441\u043f\u0456\u0442\u0430\u043b\u044c\u043d\u043e\u043c\u0443 \u0435\u0442\u0430\u043f\u0456. \u0417\u0430\u0440\u0430\u0437 \u0431\u043e\u0439\u043e\u0432\u0438\u0439 \u043c\u0435\u0434\u0438\u043a &#8211; \u0446\u0435 \u0447\u0430\u0441\u0442\u0438\u043d\u0430 \u043a\u043e\u043c\u0430\u043d\u0434\u0438, \u0456\u0434\u0435 \u0432 \u0431\u0456\u0439 \u0440\u0430\u0437\u043e\u043c \u0456\u0437 \u0433\u0440\u0443\u043f\u043e\u044e \u0442\u0430 \u043f\u043e\u0432\u0438\u043d\u0435\u043d \u043c\u0430\u0442\u0438 \u0437\u0430\u0433\u0430\u043b\u044c\u043d\u0443 \u0432\u0456\u0439\u0441\u044c\u043a\u043e\u0432\u0443 \u043f\u0456\u0434\u0433\u043e\u0442\u043e\u0432\u043a\u0443. \u042f\u043a\u0449\u043e \u043c\u0435\u0434\u0438\u043a \u043d\u0435 \u0432\u043c\u0456\u0454 \u0432\u0441\u044c\u043e\u0433\u043e \u0442\u043e\u0433\u043e, \u0449\u043e \u0432\u043c\u0456\u0454 \u0433\u0440\u0443\u043f\u0430 \u0431\u0456\u0439\u0446\u0456\u0432, \u0442\u043e \u0446\u0435 \u043f\u0440\u043e\u0441\u0442\u043e \u0442\u044f\u0433\u0430\u0440 \u0434\u043b\u044f \u0433\u0440\u0443\u043f\u0438, &#8211; \u0433\u043e\u0432\u043e\u0440\u0438\u0442\u044c \u042f\u043d\u0430. \u0417\u0430\u0433\u0430\u043b\u044c\u043d\u043e\u0432\u0456\u0439\u0441\u044c\u043a\u043e\u0432\u0430 \u043f\u0456\u0434\u0433\u043e\u0442\u043e\u0432\u043a\u0430 \u0434\u043b\u044f \u0444\u0440\u043e\u043d\u0442\u043e\u0432\u0438\u0445 \u043c\u0435\u0434\u0438\u043a\u0456\u0432 \u0442\u0430 \u043f\u0430\u0440\u0430\u043c\u0435\u0434\u0438\u043a\u0456\u0432 \u043d\u0435\u043e\u0431\u0445\u0456\u0434\u043d\u0430.\u00a0<\/span><\/p><p><span style=\"font-weight: 400;\">\u0421\u0442\u0430\u043d\u0434\u0430\u0440\u0442\u043d\u0430 \u0432\u0430\u0433\u0430 \u0441\u043f\u043e\u0440\u044f\u0434\u0436\u0435\u043d\u043d\u044f \u043f\u0440\u0438\u0431\u043b\u0438\u0437\u043d\u043e 15 \u043a\u0433.<\/span><\/p><p><span style=\"font-weight: 400;\">\u042f\u043d\u0430 \u0440\u043e\u0437\u043f\u043e\u0432\u0456\u043b\u0430 \u043f\u0440\u043e \u043d\u0430\u0439\u0433\u043e\u043b\u043e\u0432\u043d\u0456\u0448\u0443 \u043f\u043e\u0434\u0456\u044e, \u044f\u043a\u0430 \u0441\u0442\u0430\u043b\u0430\u0441\u044f \u043d\u0430 \u0432\u0456\u0439\u043d\u0456 &#8211; \u043e\u0434\u0440\u0443\u0436\u0435\u043d\u043d\u044f. \u0417 \u0447\u043e\u043b\u043e\u0432\u0456\u043a\u043e\u043c \u0432\u043e\u043d\u0438 \u043f\u043e\u0437\u043d\u0430\u0439\u043e\u043c\u0438\u043b\u0438\u0441\u044c \u043f\u0456\u0434 \u0447\u0430\u0441 \u0441\u043b\u0443\u0436\u0431\u0438. \u0422\u0435\u043f\u0435\u0440 \u0446\u0435 \u0457\u0439 \u043d\u0430\u0434\u0430\u0454 \u0441\u0438\u043b\u0438 \u0442\u0430 \u043c\u043e\u0442\u0438\u0432\u0430\u0446\u0456\u0457. \u0417\u0430\u0440\u0430\u0437 \u0432\u043e\u043d\u0438 \u0441\u043b\u0443\u0436\u0430\u0442\u044c \u0443 \u0440\u0456\u0437\u043d\u0438\u0445 \u043f\u0456\u0434\u0440\u043e\u0437\u0434\u0456\u043b\u0430\u0445. \u041a\u043e\u0436\u0435\u043d \u0434\u0435\u043d\u044c \u0441\u043f\u0456\u043b\u043a\u0443\u044e\u0442\u044c\u0441\u044f, \u0431\u0430\u0447\u0430\u0442\u044c\u0441\u044f \u0449\u043e\u043c\u0456\u0441\u044f\u0446\u044f.\u00a0<\/span><\/p><p><span style=\"font-weight: 400;\">\u041f\u0440\u043e \u0435\u043c\u043e\u0446\u0456\u0457 \u043d\u0430 \u0432\u0456\u0439\u043d\u0456 \u043f\u0430\u0440\u0430\u043c\u0435\u0434\u0438\u043a\u0438\u043d\u044f \u0433\u043e\u0432\u043e\u0440\u0438\u0442\u044c, \u0449\u043e \u043d\u0435 \u043c\u043e\u0436\u043d\u0430 \u0434\u0430\u0432\u0430\u0442\u0438 \u0432\u043e\u043b\u044e \u0435\u043c\u043e\u0446\u0456\u044f\u043c. \u041f\u043e\u0440\u0430\u043d\u0435\u043d\u043e\u043c\u0443 \u0431\u0456\u0439\u0446\u044e \u0442\u0440\u0435\u0431\u0430 \u0431\u0430\u0447\u0438\u0442\u0438 \u043f\u0435\u0440\u0435\u0434 \u0441\u043e\u0431\u043e\u044e \u0432\u043f\u0435\u0432\u043d\u0435\u043d\u0443 \u043b\u044e\u0434\u0438\u043d\u0443, \u0449\u043e \u0439\u043e\u0433\u043e \u0440\u044f\u0442\u0443\u0454.<\/span><\/p><p><span style=\"font-weight: 400;\">\u042f\u043d\u0430 \u0437\u0456\u0437\u043d\u0430\u0454\u0442\u044c\u0441\u044f, \u0449\u043e \u043f\u0456\u0441\u043b\u044f \u043f\u043e\u0432\u0435\u0440\u043d\u0435\u043d\u043d\u044f \u0434\u043e\u0434\u043e\u043c\u0443 \u043f\u043b\u0430\u043d\u0443\u0454 \u0432\u0456\u0434\u0432\u0456\u0434\u0443\u0432\u0430\u0442\u0438 \u043f\u0441\u0438\u0445\u043e\u0442\u0435\u0440\u0430\u043f\u0435\u0432\u0442\u0430.<\/span><\/p><\/div>\t\t\t<\/div>\n\t\t<\/div>\n\t\t\t\t<\/div>\n\t\t\t\t<\/div>\n\t\t\t\t\t<\/div>\n\t\t\t\t<\/div>\n\t\t\t\t\t\t\t<\/div>","protected":false},"excerpt":{"rendered":"<p>ENGDEUPOLUKR Iryna Sytnik Yana Horokhova If You Took a Machine Gun \u2013 You Are Not a Girl, but a Fighter TRANSLATED ABSTRACT of original article Iryna Sytnik writes about women who stood up for the defense of Ukraine. Her subject Yana Horokhova is a volunteer paramedic. The journalist tells us about the conditions in which [&hellip;]<\/p>","protected":false},"author":1,"featured_media":0,"parent":976,"menu_order":2,"comment_status":"closed","ping_status":"closed","template":"elementor_header_footer","meta":{"footnotes":""},"_links":{"self":[{"href":"https:\/\/womenreporters.eu\/ge\/wp-json\/wp\/v2\/pages\/995"}],"collection":[{"href":"https:\/\/womenreporters.eu\/ge\/wp-json\/wp\/v2\/pages"}],"about":[{"href":"https:\/\/womenreporters.eu\/ge\/wp-json\/wp\/v2\/types\/page"}],"author":[{"embeddable":true,"href":"https:\/\/womenreporters.eu\/ge\/wp-json\/wp\/v2\/users\/1"}],"replies":[{"embeddable":true,"href":"https:\/\/womenreporters.eu\/ge\/wp-json\/wp\/v2\/comments?post=995"}],"version-history":[{"count":37,"href":"https:\/\/womenreporters.eu\/ge\/wp-json\/wp\/v2\/pages\/995\/revisions"}],"predecessor-version":[{"id":2119,"href":"https:\/\/womenreporters.eu\/ge\/wp-json\/wp\/v2\/pages\/995\/revisions\/2119"}],"up":[{"embeddable":true,"href":"https:\/\/womenreporters.eu\/ge\/wp-json\/wp\/v2\/pages\/976"}],"wp:attachment":[{"href":"https:\/\/womenreporters.eu\/ge\/wp-json\/wp\/v2\/media?parent=995"}],"curies":[{"name":"wp","href":"https:\/\/api.w.org\/{rel}","templated":true}]}}