{"id":1062,"date":"2023-11-19T00:21:08","date_gmt":"2023-11-19T00:21:08","guid":{"rendered":"https:\/\/womenreporters.eu\/?page_id=1062"},"modified":"2024-02-19T06:19:42","modified_gmt":"2024-02-19T06:19:42","slug":"daria-lobanova","status":"publish","type":"page","link":"https:\/\/womenreporters.eu\/ge\/ukraine\/daria-lobanova\/","title":{"rendered":"Daria Lobanova"},"content":{"rendered":"<div data-elementor-type=\"wp-page\" data-elementor-id=\"1062\" class=\"elementor elementor-1062\" data-elementor-post-type=\"page\">\n\t\t\t\t\t\t\t<div class=\"elementor-element elementor-element-bbc9401 e-flex e-con-boxed e-con e-parent\" data-id=\"bbc9401\" data-element_type=\"container\" data-settings=\"{&quot;container_type&quot;:&quot;flex&quot;,&quot;content_width&quot;:&quot;boxed&quot;}\" data-core-v316-plus=\"true\">\n\t\t\t\t\t<div class=\"e-con-inner\">\n\t\t\t\t<div class=\"elementor-element elementor-element-8746d20 menu-sticky-top elementor-widget elementor-widget-jet-tabs\" data-id=\"8746d20\" data-element_type=\"widget\" data-settings=\"{&quot;tabs_position&quot;:&quot;top&quot;}\" data-widget_type=\"jet-tabs.default\">\n\t\t\t\t<div class=\"elementor-widget-container\">\n\t\t\t\t\t<div class=\"jet-tabs jet-tabs-position-top jet-tabs-move-up-effect\" data-settings=\"{&quot;activeIndex&quot;:0,&quot;event&quot;:&quot;click&quot;,&quot;autoSwitch&quot;:false,&quot;autoSwitchDelay&quot;:3000,&quot;ajaxTemplate&quot;:false,&quot;tabsPosition&quot;:&quot;top&quot;,&quot;switchScrolling&quot;:false,&quot;switchScrollingOffset&quot;:0}\" role=\"tablist\">\n\t\t\t<div class=\"jet-tabs__control-wrapper\">\n\t\t\t\t<div id=\"jet-tabs-control-1411\" class=\"jet-tabs__control jet-tabs__control-icon-left elementor-menu-anchor active-tab\" data-tab=\"1\" tabindex=\"0\" role=\"tab\" aria-controls=\"jet-tabs-content-1411\" aria-expanded=\"true\" data-template-id=\"false\"><div class=\"jet-tabs__control-inner\"><img decoding=\"async\" class=\"jet-tabs__label-image\" src=\"http:\/\/womenreporters.eu\/wp-content\/uploads\/2023\/11\/united-kingdom.svg\" alt=\"\"><div class=\"jet-tabs__label-text\">ENG<\/div><\/div><\/div><div id=\"jet-tabs-control-1412\" class=\"jet-tabs__control jet-tabs__control-icon-left elementor-menu-anchor\" data-tab=\"2\" tabindex=\"0\" role=\"tab\" aria-controls=\"jet-tabs-content-1412\" aria-expanded=\"false\" data-template-id=\"false\"><div class=\"jet-tabs__control-inner\"><img decoding=\"async\" class=\"jet-tabs__label-image\" src=\"http:\/\/womenreporters.eu\/wp-content\/uploads\/2023\/11\/german.svg\" alt=\"\"><div class=\"jet-tabs__label-text\">DEU<\/div><\/div><\/div><div id=\"jet-tabs-control-1413\" class=\"jet-tabs__control jet-tabs__control-icon-left elementor-menu-anchor\" data-tab=\"3\" tabindex=\"0\" role=\"tab\" aria-controls=\"jet-tabs-content-1413\" aria-expanded=\"false\" data-template-id=\"false\"><div class=\"jet-tabs__control-inner\"><img decoding=\"async\" class=\"jet-tabs__label-image\" src=\"http:\/\/womenreporters.eu\/wp-content\/uploads\/2023\/11\/poland.svg\" alt=\"\"><div class=\"jet-tabs__label-text\">POL<\/div><\/div><\/div><div id=\"jet-tabs-control-1414\" class=\"jet-tabs__control jet-tabs__control-icon-left elementor-menu-anchor\" data-tab=\"4\" tabindex=\"0\" role=\"tab\" aria-controls=\"jet-tabs-content-1414\" aria-expanded=\"false\" data-template-id=\"false\"><div class=\"jet-tabs__control-inner\"><img decoding=\"async\" class=\"jet-tabs__label-image\" src=\"http:\/\/womenreporters.eu\/wp-content\/uploads\/2023\/11\/ukraine.svg\" alt=\"\"><div class=\"jet-tabs__label-text\">UKR<\/div><\/div><\/div>\t\t\t<\/div>\n\t\t\t<div class=\"jet-tabs__content-wrapper\">\n\t\t\t\t<div id=\"jet-tabs-content-1411\" class=\"jet-tabs__content active-content\" data-tab=\"1\" role=\"tabpanel\" aria-hidden=\"false\" data-template-id=\"false\"><p><strong>Daria Lobanova<\/strong><\/p><h2>\u201cAll We Really Have Is Today.\u201c\u00a0<\/h2><p><b>The Story of a Refugee from Kharkiv, Olena Kostyuk\u201d<\/b><\/p><p><span style=\"font-weight: 400;\"><em>TRANSLATED ABSTRACT of original article<\/em><\/span><\/p><p><span style=\"font-weight: 400;\">On February 24, 2022, Olena decided to leave Kharkiv with her son, who has an autistic spectrum disorder, her sister and nephews, because her new apartment, recently purchased in a modern area of the city, is only 50 km from the border to Russia.<\/span><\/p><p><span style=\"font-weight: 400;\">Journalist Daria Lobanova met with Olena in the Polish city of <\/span><span style=\"font-weight: 400;\">Pabianice<\/span><span style=\"font-weight: 400;\">, where she currently lives. Marta is a Polish woman who sheltered Olena\u2019s family in March 2022 and helped Olena with her son and her sister with two children to settle in a new country.<\/span><\/p><p><span style=\"font-weight: 400;\">Before the birth of her son, Olena worked as a journalist, editor and presenter at several Kharkiv radio stations. After becoming pregnant in 2010, she left her job and focused on raising Svyat. In a couple of years, it became clear that the boy would not be able to attend kindergarten.<\/span><\/p><p><span style=\"font-weight: 400;\">The state specialized school right near their new home in <\/span><span style=\"font-weight: 400;\">Pabianice<\/span><span style=\"font-weight: 400;\"> was a pleasant surprise for Olena. The school schedule allows her to hold down a job. Now Olena works in an international IT company.<\/span><\/p><p><span style=\"font-weight: 400;\">Work and childcare are not all that the sisters do together. For many years, both of them took part in Kharkiv human rights events, including LGBTQ+ and feminist events. And in 2019, they founded a choir that not only survived the invasion, but also found opportunities to perform in Poland. The choir even participated in the international Various Voices LGBTQ+ festival of choirs in Bologna.<\/span><\/p><p><span style=\"font-weight: 400;\">In \u0141\u00f3d\u017a in Poland, Olena met Nastka Pilikhovska, a sociologist and project manager. The acquaintance turned into a long-term relationship. Together they have already visited Olena\u2019s hometown Kharkiv.<\/span><\/p><p><b>About the Author<\/b><\/p><p><img loading=\"lazy\" decoding=\"async\" class=\"alignnone wp-image-2001 size-thumbnail\" src=\"http:\/\/womenreporters.eu\/wp-content\/uploads\/2023\/11\/7_Daria-Lobanova_Portrait-100x150.webp\" alt=\"\" width=\"100\" height=\"150\" srcset=\"https:\/\/womenreporters.eu\/wp-content\/uploads\/2023\/11\/7_Daria-Lobanova_Portrait-100x150.webp 100w, https:\/\/womenreporters.eu\/wp-content\/uploads\/2023\/11\/7_Daria-Lobanova_Portrait-200x300.webp 200w, https:\/\/womenreporters.eu\/wp-content\/uploads\/2023\/11\/7_Daria-Lobanova_Portrait-8x12.webp 8w, https:\/\/womenreporters.eu\/wp-content\/uploads\/2023\/11\/7_Daria-Lobanova_Portrait.webp 420w\" sizes=\"(max-width: 100px) 100vw, 100px\" \/><\/p><p><b>Daria Lobanova <\/b><span style=\"font-weight: 400;\">is a manager of cultural, educational and media projects and coordinator of the Nash Vybir portal. Daria has experience with forced migration and working on human rights projects. This strongly influences her writing interests: human rights, feminism, and support for migrants. She is also interested in contemporary Ukrainian culture.<\/span><\/p><\/div><div id=\"jet-tabs-content-1412\" class=\"jet-tabs__content\" data-tab=\"2\" role=\"tabpanel\" aria-hidden=\"true\" data-template-id=\"false\"><p><strong>Daria Lobanova<\/strong><\/p><h2>\u201eAlles, was wir wirklich haben, ist das Heute.\u201c<\/h2><p><b>Die Geschichte von Olena Kostyuk, gefl\u00fcchtet aus Charkiw<\/b><\/p><p><span style=\"font-weight: 400;\"><em>TRANSLATED ABSTRACT of original article<\/em><\/span><\/p><p><span style=\"font-weight: 400;\">Am 24. Februar traf Olena die Entscheidung, Charkiw mit ihrem Kind (ihr Sohn leidet unter einer Autismus-Spektrum-St\u00f6rung), ihrer Schwester und deren zwei Kindern zu verlassen, da ihr neues Zuhause, das sie k\u00fcrzlich erst in einem modernen Stadtteil der Stadt erworben hatte, nur 50 km von der Grenze zu Russland entfernt liegt.<\/span><\/p><p><span style=\"font-weight: 400;\">Die Journalistin Daria Lobanova traf Olena in der polnischen Stadt Pabianice, wo sie derzeit lebt. Martha ist eine Polin, die im M\u00e4rz 2022 die Familie aufnahm und Olena mit ihrem Sohn sowie ihre Schwester und deren zwei Kindern half, sich in dem neuen Land einzurichten.<\/span><\/p><p><span style=\"font-weight: 400;\">Vor der Geburt ihres Sohnes arbeitete Olena als Journalistin, Redakteurin und Moderatorin bei mehreren Radiosendern in Charkiw. Nach ihrer Schwangerschaft im Jahr 2010 k\u00fcndigte sie ihren Job und konzentrierte sich auf die Erziehung ihres Sohnes Svyatoslav. Nach ein paar Jahren wurde klar, dass der Junge nicht in der Lage sein w\u00fcrde, in den Kindergarten zu gehen.<\/span><\/p><p><span style=\"font-weight: 400;\">Eine angenehme \u00dcberraschung f\u00fcr Olena war die Existenz einer staatlichen, spezialisierten Schule direkt neben ihrem neuen Zuhauses in Pabianice. Die \u00d6ffnungszeiten der Schule erm\u00f6glichen es Olena, ohne Unterbrechungen zu arbeiten. Derzeit arbeitet Olena in einem internationalen IT-Unternehmen.<\/span><\/p><p><span style=\"font-weight: 400;\">Arbeit und Betreuung der Kinder sind nicht alles, was die Schwestern gemeinsam tun. Viele Jahre lang waren beide bei Menschenrechtsveranstaltungen in Charkiw zu sehen, insbesondere bei LGBT+- und feministischen Veranstaltungen. Seit 2019 sind sie Mitbegr\u00fcnderinnen eines Chores, der nicht nur w\u00e4hrend des gesamten Krieges weiter bestand, sondern auch Gelegenheit fand, in Polen aufzutreten und sogar am internationalen Festival \u201eVarious Voices\u201c f\u00fcr LGBT-Ch\u00f6re in Bologna teilzunehmen.<\/span><\/p><p><span style=\"font-weight: 400;\">In Polen lernte Olena Nastka Piliukhovska kennen, eine Soziologin und Projektmanagerin in \u0141\u00f3d\u017a. Aus der Bekanntschaft entwickelte sich eine langfristige Beziehung. Gemeinsam haben sie bereits Olenas Heimatstadt Charkiw besucht.<\/span><\/p><\/div><div id=\"jet-tabs-content-1413\" class=\"jet-tabs__content\" data-tab=\"3\" role=\"tabpanel\" aria-hidden=\"true\" data-template-id=\"false\"><p><strong>Daria Lobanova<\/strong><\/p><h2>Wszystko, co naprawd\u0119 mamy, to dzie\u0144 dzisiejszy.\u00a0<\/h2><p><b>Historia Oleny Kostiuk, uchod\u017aczyni z Charkowa<\/b><\/p><p><span style=\"font-weight: 400;\"><em>TRANSLATED ABSTRACT of original article<\/em><\/span><\/p><p><span style=\"font-weight: 400;\">24 lutego 2022 Olena wraz z dzieckiem zdecydowa\u0142a si\u0119 opu\u015bci\u0107 Chark\u00f3w (syn Oleny ma zdiagnozowane zaburzenia ze spektrum autyzmu). Wyjecha\u0142y z siostr\u0105 i dw\u00f3jk\u0105 jej dzieci. Niedawno kupione przez Olen\u0119 mieszkanie znajduje si\u0119 w nowej dzielnicy miasta, zaledwie 50 km od granicy z Rosj\u0105.\u00a0<\/span><\/p><p><span style=\"font-weight: 400;\">Dziennikarka Daria Lobanowa spotka\u0142a si\u0119 z Olen\u0105 w Pabianicach, gdzie Olena obecnie mieszka. W marcu 2022 roku przyj\u0119\u0142a j\u0105 pod sw\u00f3j dach Polka, Marta, kt\u00f3ra pomog\u0142a Olenie i jej rodzinie zadomowi\u0107 si\u0119 w nowym kraju.<\/span><\/p><p><span style=\"font-weight: 400;\">Przed urodzeniem syna Olena pracowa\u0142a jako dziennikarka, redaktorka i prezenterka w kilku charkowskich stacjach radiowych. Kiedy zasz\u0142a w ci\u0105\u017c\u0119 w 2010 roku, rzuci\u0142a prac\u0119 i skupi\u0142a si\u0119 na wychowywaniu Swiatoslawa. Kilka lat p\u00f3\u017aniej zrozumia\u0142a, \u017ce ch\u0142opiec nie b\u0119dzie m\u00f3g\u0142 p\u00f3j\u015b\u0107 do przedszkola.<\/span><\/p><p><span style=\"font-weight: 400;\">D<\/span><span style=\"font-weight: 400;\">latego mi\u0142\u0105 niespodziank\u0105 okaza\u0142a si\u0119 informacja, \u017ce syn Oleny b\u0119dzie m\u00f3g\u0142 ucz\u0119szcza\u0107 do pa\u0144stwowej szko\u0142y specjalistycznej, kt\u00f3ra znajduje si\u0119 tu\u017c obok ich nowego domu w Pabianicach. Godziny otwarcia szko\u0142y pozwalaj\u0105 Olenie pracowa\u0107 w mi\u0119dzynarodowej firmie IT.<\/span><\/p><p><span style=\"font-weight: 400;\">Praca i opieka nad dzie\u0107mi to nie jedyne rzeczy, kt\u00f3re siostry robi\u0105 wsp\u00f3lnie. Przez wiele lat obie anga\u017cowa\u0142y si\u0119 w r\u00f3\u017cnych charkowskich inicjatywach promuj\u0105cych prawa cz\u0142owieka, w tym LGBT+ i wydarzeniach feministycznych. A od 2019 roku s\u0105 wsp\u00f3\u0142za\u0142o\u017cycielkami ch\u00f3ru, kt\u00f3ry cho\u0107 nie pracuje podczas wojny, lecz uda\u0142o mu si\u0119 kilka razy wyst\u0105pi\u0107 w Polsce i wzi\u0105\u0107 udzia\u0142 w mi\u0119dzynarodowym festiwalu ch\u00f3r\u00f3w LGBT Various Voices w Bolonii.<\/span><\/p><p><span style=\"font-weight: 400;\">W Polsce Olena pozna\u0142a Nasti\u0119 Pilichowsk\u0105, socjolo\u017ck\u0119 i menad\u017cerk\u0119 projekt\u00f3w w \u0141odzi. Ich znajomo\u015b\u0107 przekszta\u0142ci\u0142a si\u0119 w d\u0142ugotrwa\u0142y zwi\u0105zek. Razem odwiedzi\u0142y rodzinne miasto Oleny &#8211; Chark\u00f3w.<\/span><\/p><\/div><div id=\"jet-tabs-content-1414\" class=\"jet-tabs__content\" data-tab=\"4\" role=\"tabpanel\" aria-hidden=\"true\" data-template-id=\"false\"><p><strong>\u0414\u0430\u0440\u2019\u044f \u041b\u043e\u0431\u0430\u043d\u043e\u0432\u0430<\/strong><\/p><h2>\u00ab\u0423\u0441\u0435, \u0449\u043e \u043c\u0438 \u043d\u0430\u0441\u043f\u0440\u0430\u0432\u0434\u0456 \u043c\u0430\u0454\u043c\u043e, \u2013 \u0446\u0435 \u0441\u044c\u043e\u0433\u043e\u0434\u043d\u0456\u00bb.\u00a0<\/h2><p><b>\u0406\u0441\u0442\u043e\u0440\u0456\u044f \u0431\u0456\u0436\u0435\u043d\u043a\u0438 \u0437 \u0425\u0430\u0440\u043a\u043e\u0432\u0430 \u041e\u043b\u0435\u043d\u0438 \u041a\u043e\u0441\u0442\u044e\u043a<\/b><\/p><p><span style=\"font-weight: 400;\"><em>ABSTRACT of original article<\/em><\/span><\/p><p><span style=\"font-weight: 400;\">24-\u0433\u043e \u043b\u044e\u0442\u043e\u0433\u043e \u041e\u043b\u0435\u043d\u0430 \u043f\u0440\u0438\u0439\u043d\u044f\u043b\u0430 \u0440\u0456\u0448\u0435\u043d\u043d\u044f \u0432\u0438\u0457\u0445\u0430\u0442\u0438 \u0437 \u0434\u0438\u0442\u0438\u043d\u043e\u044e (\u0441\u0438\u043d \u041e\u043b\u0435\u043d\u0438 \u043c\u0430\u0454 \u043f\u0435\u0432\u043d\u0456 \u043e\u0441\u043e\u0431\u043b\u0438\u0432\u043e\u0441\u0442\u0456, \u0430 \u0441\u0430\u043c\u0435 \u0440\u043e\u0437\u043b\u0430\u0434 \u0430\u0443\u0442\u0438\u0441\u0442\u0438\u0447\u043d\u043e\u0433\u043e \u0441\u043f\u0435\u043a\u0442\u0440\u0430), \u0441\u0435\u0441\u0442\u0440\u043e\u044e \u0442\u0430 \u0457\u0457 \u0434\u0432\u043e\u043c\u0430 \u0434\u0456\u0442\u044c\u043c\u0438 \u0437 \u0425\u0430\u0440\u043a\u043e\u0432\u0430, \u0430\u0434\u0436\u0435 \u0457\u0457 \u043d\u043e\u0432\u0435 \u043f\u043e\u043c\u0435\u0448\u043a\u0430\u043d\u043d\u044f, \u043d\u0435\u0449\u043e\u0434\u0430\u0432\u043d\u043e \u043f\u0440\u0438\u0434\u0431\u0430\u043d\u0435 \u0443 \u0441\u0443\u0447\u0430\u0441\u043d\u043e\u043c\u0443 \u0440\u0430\u0439\u043e\u043d\u0456 \u043c\u0456\u0441\u0442\u0430 \u0437\u043d\u0430\u0445\u043e\u0434\u0438\u0442\u044c\u0441\u044f \u0432\u0441\u044c\u043e\u0433\u043e \u0443 50 \u043a\u043c \u0432\u0456\u0434 \u043a\u043e\u0440\u0434\u043e\u043d\u0443 \u0434\u043e \u0420\u043e\u0441\u0456\u0457.\u00a0<\/span><\/p><p><span style=\"font-weight: 400;\">\u0416\u0443\u0440\u043d\u0430\u043b\u0456\u0441\u0442\u043a\u0430 \u0414\u0430\u0440\u2019\u044f \u041b\u043e\u0431\u0430\u043d\u043e\u0432\u0430 \u0437\u0443\u0441\u0442\u0440\u0456\u0447\u0430\u043b\u0430\u0441\u044c \u0437 \u041e\u043b\u0435\u043d\u043e\u044e \u0443 \u043f\u043e\u043b\u044c\u0441\u044c\u043a\u043e\u043c\u0443 \u043c\u0456\u0441\u0442\u0456 \u041f\u0430\u0431\u2019\u044f\u043d\u0438\u0446\u0456, \u0434\u0435 \u0432\u043e\u043d\u0430 \u0437\u0430\u0440\u0430\u0437 \u043c\u0435\u0448\u043a\u0430\u0454. \u041c\u0430\u0440\u0442\u0430 \u2014 \u043f\u043e\u043b\u044c\u043a\u0430, \u044f\u043a\u0430 \u0432 \u0431\u0435\u0440\u0435\u0437\u043d\u0456 2022 \u0440\u043e\u043a\u0443 \u043f\u0440\u0438\u0445\u0438\u0441\u0442\u0438\u043b\u0430 \u0440\u043e\u0434\u0438\u043d\u0443 \u0456 \u0434\u043e\u043f\u043e\u043c\u043e\u0433\u043b\u0430 \u041e\u043b\u0435\u043d\u0456 \u0437 \u0441\u0438\u043d\u043e\u043c \u0456 \u0457\u0457 \u0441\u0435\u0441\u0442\u0440\u0456 \u0437 \u0434\u0432\u043e\u043c\u0430 \u0434\u0456\u0442\u044c\u043c\u0438 \u043e\u0431\u043b\u0430\u0448\u0442\u0443\u0432\u0430\u0442\u0438\u0441\u044c \u0443 \u043d\u043e\u0432\u0456\u0439 \u043a\u0440\u0430\u0457\u043d\u0456.<\/span><\/p><p><span style=\"font-weight: 400;\">\u0414\u043e \u043d\u0430\u0440\u043e\u0434\u0436\u0435\u043d\u043d\u044f \u0441\u0438\u043d\u0430 \u041e\u043b\u0435\u043d\u0430 \u043f\u0440\u0430\u0446\u044e\u0432\u0430\u043b\u0430 \u0436\u0443\u0440\u043d\u0430\u043b\u0456\u0441\u0442\u043a\u043e\u044e, \u0440\u0435\u0434\u0430\u043a\u0442\u043e\u0440\u043a\u043e\u044e \u0456 \u0432\u0435\u0434\u0443\u0447\u043e\u044e \u043d\u0430 \u043a\u0456\u043b\u044c\u043a\u043e\u0445 \u0445\u0430\u0440\u043a\u0456\u0432\u0441\u044c\u043a\u0438\u0445 \u0440\u0430\u0434\u0456\u043e\u0441\u0442\u0430\u043d\u0446\u0456\u044f\u0445. \u0417\u0430\u0432\u0430\u0433\u0456\u0442\u043d\u0456\u0432\u0448\u0438 \u0443 2010 \u0440\u043e\u0446\u0456, \u043f\u043e\u043a\u0438\u043d\u0443\u043b\u0430 \u0440\u043e\u0431\u043e\u0442\u0443 \u0456 \u0437\u043e\u0441\u0435\u0440\u0435\u0434\u0438\u043b\u0430\u0441\u044c \u043d\u0430 \u0432\u0438\u0445\u043e\u0432\u0430\u043d\u043d\u0456 \u0421\u0432\u044f\u0442\u0430. \u0417\u0430 \u043f\u0430\u0440\u0443 \u0440\u043e\u043a\u0456\u0432 \u0441\u0442\u0430\u043b\u043e \u0437\u0440\u043e\u0437\u0443\u043c\u0456\u043b\u043e, \u0449\u043e \u0445\u043b\u043e\u043f\u0447\u0438\u043a \u043d\u0435 \u0437\u043c\u043e\u0436\u0435 \u0445\u043e\u0434\u0438\u0442\u0438 \u0434\u043e \u0434\u0438\u0442\u044f\u0447\u043e\u0433\u043e \u0441\u0430\u0434\u043e\u0447\u043a\u0430.<\/span><\/p><p><span style=\"font-weight: 400;\">\u041f\u0440\u0438\u0454\u043c\u043d\u0438\u043c \u0441\u044e\u0440\u043f\u0440\u0438\u0437\u043e\u043c \u0434\u043b\u044f \u041e\u043b\u0435\u043d\u0438 \u0441\u0442\u0430\u043b\u0430 \u043d\u0430\u044f\u0432\u043d\u0456\u0441\u0442\u044c \u0434\u0435\u0440\u0436\u0430\u0432\u043d\u043e\u0457 \u0441\u043f\u0435\u0446\u0456\u0430\u043b\u0456\u0437\u043e\u0432\u0430\u043d\u043e\u0457 \u0448\u043a\u043e\u043b\u0438 \u043f\u0440\u044f\u043c\u043e \u043f\u043e\u0431\u043b\u0438\u0437\u0443 \u0457\u0445\u043d\u044c\u043e\u0433\u043e \u043d\u043e\u0432\u043e\u0433\u043e \u0434\u043e\u043c\u0443 \u0432 \u041f\u0430\u0431\u2019\u044f\u043d\u0438\u0446\u044f\u0445. \u0413\u0440\u0430\u0444\u0456\u043a \u0440\u043e\u0431\u043e\u0442\u0438 \u0448\u043a\u043e\u043b\u0438 \u0434\u0430\u0454 \u0437\u043c\u043e\u0433\u0443 \u0436\u0456\u043d\u0446\u0456 \u0441\u043f\u043e\u043a\u0456\u0439\u043d\u043e \u043f\u0440\u0430\u0446\u044e\u0432\u0430\u0442\u0438. \u0417\u0430\u0440\u0430\u0437 \u041e\u043b\u0435\u043d\u0430 \u043f\u0440\u0430\u0446\u044e\u0454 \u0443 \u043c\u0456\u0436\u043d\u0430\u0440\u043e\u0434\u043d\u0456\u0439 IT-\u043a\u043e\u043c\u043f\u0430\u043d\u0456\u0457.<\/span><\/p><p><span style=\"font-weight: 400;\">\u0420\u043e\u0431\u043e\u0442\u0430 \u0456 \u043e\u043f\u0456\u043a\u0430 \u043d\u0430\u0434 \u0434\u0456\u0442\u044c\u043c\u0438 \u2014 \u0446\u0435 \u043d\u0435 \u0432\u0441\u0435, \u0447\u0438\u043c \u0441\u0435\u0441\u0442\u0440\u0438 \u0437\u0430\u0439\u043c\u0430\u044e\u0442\u044c\u0441\u044f \u0441\u043f\u0456\u043b\u044c\u043d\u043e. \u0411\u0430\u0433\u0430\u0442\u043e \u0440\u043e\u043a\u0456\u0432 \u0457\u0445 \u043e\u0431\u043e\u0445 \u043c\u043e\u0436\u043d\u0430 \u0431\u0443\u043b\u043e \u043f\u043e\u043c\u0456\u0442\u0438\u0442\u0438 \u043d\u0430 \u0445\u0430\u0440\u043a\u0456\u0432\u0441\u044c\u043a\u0438\u0445 \u043f\u0440\u0430\u0432\u043e\u0437\u0430\u0445\u0438\u0441\u043d\u0438\u0445 \u043f\u043e\u0434\u0456\u044f\u0445, \u0437\u043e\u043a\u0440\u0435\u043c\u0430 \u041b\u0413\u0411\u0422+ \u0456 \u0444\u0435\u043c\u0456\u043d\u0456\u0441\u0442\u0438\u0447\u043d\u0438\u0445. \u0410 \u0437 2019 \u0440\u043e\u043a\u0443 \u0432\u043e\u043d\u0438 \u0454 \u0441\u043f\u0456\u0432\u0437\u0430\u0441\u043d\u043e\u0432\u043d\u0438\u0446\u044f\u043c\u0438 \u0445\u043e\u0440\u0443, \u044f\u043a\u0438\u0439 \u043d\u0435 \u043b\u0438\u0448\u0435 \u043d\u0435 \u043f\u0440\u0438\u043f\u0438\u043d\u0438\u0432 \u0456\u0441\u043d\u0443\u0432\u0430\u043d\u043d\u044f \u043f\u0456\u0434 \u0447\u0430\u0441 \u043f\u043e\u0432\u043d\u043e\u043c\u0430\u0441\u0448\u0442\u0430\u0431\u043d\u043e\u0457 \u0432\u0456\u0439\u043d\u0438, \u0430\u043b\u0435 \u0439 \u0437\u043d\u0430\u0439\u0448\u043e\u0432 \u043c\u043e\u0436\u043b\u0438\u0432\u043e\u0441\u0442\u0456 \u0432\u0438\u0441\u0442\u0443\u043f\u0438\u0442\u0438 \u0432 \u041f\u043e\u043b\u044c\u0449\u0456, \u0456 \u043d\u0430\u0432\u0456\u0442\u044c \u0432\u0437\u044f\u0442\u0438 \u0443\u0447\u0430\u0441\u0442\u044c \u0443 \u043c\u0456\u0436\u043d\u0430\u0440\u043e\u0434\u043d\u043e\u043c\u0443 \u0444\u0435\u0441\u0442\u0438\u0432\u0430\u043b\u0456 \u041b\u0413\u0411\u0422-\u0445\u043e\u0440\u0456\u0432 Various Voices \u0443 \u0411\u043e\u043b\u043e\u043d\u044c\u0457.<\/span><\/p><p><span style=\"font-weight: 400;\">\u0423 \u041f\u043e\u043b\u044c\u0449\u0456 \u041e\u043b\u0435\u043d\u0430 \u043f\u043e\u0437\u043d\u0430\u0439\u043e\u043c\u0438\u043b\u0430\u0441\u044c \u0437 \u041d\u0430\u0441\u0442\u043a\u043e\u044e \u041f\u0456\u043b\u0456\u0445\u043e\u0432\u0441\u044c\u043a\u043e\u044e, \u0441\u043e\u0446\u0456\u043e\u043b\u043e\u0433\u0438\u043d\u0435\u044e \u0456 \u043c\u0435\u043d\u0435\u0434\u0436\u0435\u0440\u043a\u043e\u044e \u043f\u0440\u043e\u0454\u043a\u0442\u0456\u0432 \u0432 \u041b\u043e\u0434\u0437\u0456. \u0417\u043d\u0430\u0439\u043e\u043c\u0441\u0442\u0432\u043e \u043f\u0435\u0440\u0435\u0440\u043e\u0441\u043b\u043e \u0443 \u0442\u0440\u0438\u0432\u0430\u043b\u0456 \u0441\u0442\u043e\u0441\u0443\u043d\u043a\u0438. \u0420\u0430\u0437\u043e\u043c \u0432\u043e\u043d\u0438 \u0432\u0436\u0435 \u043f\u043e\u0431\u0443\u0432\u0430\u043b\u0438 \u0443 \u0440\u0456\u0434\u043d\u043e\u043c\u0443 \u043c\u0456\u0441\u0442\u0456 \u041e\u043b\u0435\u043d\u0438 \u2013 \u0425\u0430\u0440\u043a\u043e\u0432\u0456.<\/span><\/p><\/div>\t\t\t<\/div>\n\t\t<\/div>\n\t\t\t\t<\/div>\n\t\t\t\t<\/div>\n\t\t\t\t\t<\/div>\n\t\t\t\t<\/div>\n\t\t\t\t\t\t\t<\/div>","protected":false},"excerpt":{"rendered":"<p>ENGDEUPOLUKR Daria Lobanova \u201cAll We Really Have Is Today.\u201c\u00a0 The Story of a Refugee from Kharkiv, Olena Kostyuk\u201d TRANSLATED ABSTRACT of original article On February 24, 2022, Olena decided to leave Kharkiv with her son, who has an autistic spectrum disorder, her sister and nephews, because her new apartment, recently purchased in a modern area [&hellip;]<\/p>","protected":false},"author":1,"featured_media":0,"parent":976,"menu_order":7,"comment_status":"closed","ping_status":"closed","template":"elementor_header_footer","meta":{"footnotes":""},"_links":{"self":[{"href":"https:\/\/womenreporters.eu\/ge\/wp-json\/wp\/v2\/pages\/1062"}],"collection":[{"href":"https:\/\/womenreporters.eu\/ge\/wp-json\/wp\/v2\/pages"}],"about":[{"href":"https:\/\/womenreporters.eu\/ge\/wp-json\/wp\/v2\/types\/page"}],"author":[{"embeddable":true,"href":"https:\/\/womenreporters.eu\/ge\/wp-json\/wp\/v2\/users\/1"}],"replies":[{"embeddable":true,"href":"https:\/\/womenreporters.eu\/ge\/wp-json\/wp\/v2\/comments?post=1062"}],"version-history":[{"count":19,"href":"https:\/\/womenreporters.eu\/ge\/wp-json\/wp\/v2\/pages\/1062\/revisions"}],"predecessor-version":[{"id":2131,"href":"https:\/\/womenreporters.eu\/ge\/wp-json\/wp\/v2\/pages\/1062\/revisions\/2131"}],"up":[{"embeddable":true,"href":"https:\/\/womenreporters.eu\/ge\/wp-json\/wp\/v2\/pages\/976"}],"wp:attachment":[{"href":"https:\/\/womenreporters.eu\/ge\/wp-json\/wp\/v2\/media?parent=1062"}],"curies":[{"name":"wp","href":"https:\/\/api.w.org\/{rel}","templated":true}]}}