{"id":1009,"date":"2023-11-19T00:02:32","date_gmt":"2023-11-19T00:02:32","guid":{"rendered":"https:\/\/womenreporters.eu\/?page_id=1009"},"modified":"2024-02-19T06:09:35","modified_gmt":"2024-02-19T06:09:35","slug":"kateryna-pryshchepa","status":"publish","type":"page","link":"https:\/\/womenreporters.eu\/ge\/ukraine\/kateryna-pryshchepa\/","title":{"rendered":"Kateryna Pryshchepa"},"content":{"rendered":"<div data-elementor-type=\"wp-page\" data-elementor-id=\"1009\" class=\"elementor elementor-1009\" data-elementor-post-type=\"page\">\n\t\t\t\t\t\t\t<div class=\"elementor-element elementor-element-91e8f44 e-flex e-con-boxed e-con e-parent\" data-id=\"91e8f44\" data-element_type=\"container\" data-settings=\"{&quot;container_type&quot;:&quot;flex&quot;,&quot;content_width&quot;:&quot;boxed&quot;}\" data-core-v316-plus=\"true\">\n\t\t\t\t\t<div class=\"e-con-inner\">\n\t\t\t\t<div class=\"elementor-element elementor-element-8ec6e5a menu-sticky-top elementor-widget elementor-widget-jet-tabs\" data-id=\"8ec6e5a\" data-element_type=\"widget\" data-settings=\"{&quot;tabs_position&quot;:&quot;top&quot;}\" data-widget_type=\"jet-tabs.default\">\n\t\t\t\t<div class=\"elementor-widget-container\">\n\t\t\t\t\t<div class=\"jet-tabs jet-tabs-position-top jet-tabs-move-up-effect\" data-settings=\"{&quot;activeIndex&quot;:0,&quot;event&quot;:&quot;click&quot;,&quot;autoSwitch&quot;:false,&quot;autoSwitchDelay&quot;:3000,&quot;ajaxTemplate&quot;:false,&quot;tabsPosition&quot;:&quot;top&quot;,&quot;switchScrolling&quot;:false,&quot;switchScrollingOffset&quot;:0}\" role=\"tablist\">\n\t\t\t<div class=\"jet-tabs__control-wrapper\">\n\t\t\t\t<div id=\"jet-tabs-control-1491\" class=\"jet-tabs__control jet-tabs__control-icon-left elementor-menu-anchor active-tab\" data-tab=\"1\" tabindex=\"0\" role=\"tab\" aria-controls=\"jet-tabs-content-1491\" aria-expanded=\"true\" data-template-id=\"false\"><div class=\"jet-tabs__control-inner\"><img decoding=\"async\" class=\"jet-tabs__label-image\" src=\"http:\/\/womenreporters.eu\/wp-content\/uploads\/2023\/11\/united-kingdom.svg\" alt=\"\"><div class=\"jet-tabs__label-text\">ENG<\/div><\/div><\/div><div id=\"jet-tabs-control-1492\" class=\"jet-tabs__control jet-tabs__control-icon-left elementor-menu-anchor\" data-tab=\"2\" tabindex=\"0\" role=\"tab\" aria-controls=\"jet-tabs-content-1492\" aria-expanded=\"false\" data-template-id=\"false\"><div class=\"jet-tabs__control-inner\"><img decoding=\"async\" class=\"jet-tabs__label-image\" src=\"http:\/\/womenreporters.eu\/wp-content\/uploads\/2023\/11\/german.svg\" alt=\"\"><div class=\"jet-tabs__label-text\">DEU<\/div><\/div><\/div><div id=\"jet-tabs-control-1493\" class=\"jet-tabs__control jet-tabs__control-icon-left elementor-menu-anchor\" data-tab=\"3\" tabindex=\"0\" role=\"tab\" aria-controls=\"jet-tabs-content-1493\" aria-expanded=\"false\" data-template-id=\"false\"><div class=\"jet-tabs__control-inner\"><img decoding=\"async\" class=\"jet-tabs__label-image\" src=\"http:\/\/womenreporters.eu\/wp-content\/uploads\/2023\/11\/poland.svg\" alt=\"\"><div class=\"jet-tabs__label-text\">POL<\/div><\/div><\/div><div id=\"jet-tabs-control-1494\" class=\"jet-tabs__control jet-tabs__control-icon-left elementor-menu-anchor\" data-tab=\"4\" tabindex=\"0\" role=\"tab\" aria-controls=\"jet-tabs-content-1494\" aria-expanded=\"false\" data-template-id=\"false\"><div class=\"jet-tabs__control-inner\"><img decoding=\"async\" class=\"jet-tabs__label-image\" src=\"http:\/\/womenreporters.eu\/wp-content\/uploads\/2023\/11\/ukraine.svg\" alt=\"\"><div class=\"jet-tabs__label-text\">UKR<\/div><\/div><\/div>\t\t\t<\/div>\n\t\t\t<div class=\"jet-tabs__content-wrapper\">\n\t\t\t\t<div id=\"jet-tabs-content-1491\" class=\"jet-tabs__content active-content\" data-tab=\"1\" role=\"tabpanel\" aria-hidden=\"false\" data-template-id=\"false\"><h6><strong>Kateryna Pryshchepa<\/strong><\/h6><h2>\u00abShelling over the big water\u00bb\u00a0<\/h2><p><b>Assistance in the flooded area of the destroyed Kakhovka Dam<\/b><\/p><p><em>TRANSLATED ABSTRACT of original article<\/em><\/p><p><span style=\"font-weight: 400;\">Kateryna Pryshchepa covers the events that took place after the destruction of the Kakhovka Dam by the Russian occupiers. The disaster occurred on June 6, 2023.<\/span><\/p><p><span style=\"font-weight: 400;\">The case of Ulyana. Since her house was flooded, Ulyana has been living in her bakery in the city center. Together with Anzhela, her neighbor, they manage a small volunteer resource center, distributing donations supplied by NGOs and charities from all over Ukraine.<\/span><\/p><p><span style=\"font-weight: 400;\">Volunteers began to arrive in the city with vans loaded with humanitarian aid.<\/span><\/p><p><span style=\"font-weight: 400;\">Volunteers and ordinary people also rescued animals from the flooded area. Natalia has been trying to help Kherson\u2019s street animals for the last few months. After the flood she got in contact with animal charities in other cities of Ukraine, and has been sending rescued animals to shelters in Odesa, Kharkiv and Kyiv.<\/span><\/p><p><span style=\"font-weight: 400;\">Kateryna also says that local residents are wary of the press, afraid to comment or take photos because the enemy might find out that they are helping.<\/span><\/p><p><span style=\"font-weight: 400;\">Of course, there are people who trust the press and believe that truthful reporting can help. Olena, who only left the left bank of the Dnipro in February this year, having made a journey through occupied Crimea, Russia and the Baltic states to come back to her apartment in Kherson, says she is frustrated by how little the international media report on the living conditions and the human rights violations in the occupied parts of Ukraine. \u201cThey don\u2019t seem to believe our testimonies. Why don\u2019t they seem to understand that when the Russian soldiers are beating you up or robbing your house you are not in a position to film this to provide proof later on?\u201d she asks.<\/span><\/p><p><b>About the Author<\/b><\/p><p><img loading=\"lazy\" decoding=\"async\" class=\"alignnone wp-image-1984 size-thumbnail\" src=\"http:\/\/womenreporters.eu\/wp-content\/uploads\/2023\/11\/3_Kateryna-Pryshchepa_Portrait-117x150.webp\" alt=\"\" width=\"117\" height=\"150\" srcset=\"https:\/\/womenreporters.eu\/wp-content\/uploads\/2023\/11\/3_Kateryna-Pryshchepa_Portrait-117x150.webp 117w, https:\/\/womenreporters.eu\/wp-content\/uploads\/2023\/11\/3_Kateryna-Pryshchepa_Portrait-233x300.webp 233w, https:\/\/womenreporters.eu\/wp-content\/uploads\/2023\/11\/3_Kateryna-Pryshchepa_Portrait-9x12.webp 9w, https:\/\/womenreporters.eu\/wp-content\/uploads\/2023\/11\/3_Kateryna-Pryshchepa_Portrait.webp 420w\" sizes=\"(max-width: 117px) 100vw, 117px\" \/><\/p><p><b>Kateryna Pryshchepa<\/b><span style=\"font-weight: 400;\"> is a journalist and researcher born in Kyiv, Ukraine. Having started her career in Ukrainian business media, she has been contributing to New Eastern Europe magazine since 2016 and became a contributing editor of New Eastern Europe in 2023<\/span><span style=\"font-weight: 400;\">.<\/span><\/p><\/div><div id=\"jet-tabs-content-1492\" class=\"jet-tabs__content\" data-tab=\"2\" role=\"tabpanel\" aria-hidden=\"true\" data-template-id=\"false\"><h6><strong>Kateryna Pryshchepa<\/strong><\/h6><h2>Beschuss \u00fcber dem gro\u00dfen Wasser<\/h2><p><em>TRANSLATED ABSTRACT of original article<\/em><\/p><p><b>Hilfeleistungen im \u00fcberfluteten Gebiet nach des zertst\u00f6rten Kakhovka-Damms<\/b><\/p><p><span style=\"font-weight: 400;\">Kateryna Pryshchepa berichtet \u00fcber die Ereignisse nach der Zerst\u00f6rung des Kakhovka-Damms durch die russischen Besatzer. Die Katastrophe ereignete sich am 6. Juni 2023.<\/span><\/p><p><span style=\"font-weight: 400;\">Der Fall von Ulyana. Da ihr Haus \u00fcberflutet wurde, lebt Ulyana in ihrer B\u00e4ckerei im Stadtzentrum. Zusammen mit ihrer Nachbarin Anzhela betreiben sie ein kleines Freiwilligen-Ressourcenzentrum, das Spenden von NGOs und Wohlt\u00e4tigkeitsorganisationen aus der ganzen Ukraine verteilt.<\/span><\/p><p><span style=\"font-weight: 400;\">Die Freiwilligen kamen in der Stadt mit Transportern an, die mit humanit\u00e4rer Hilfe beladen waren.<\/span><\/p><p><span style=\"font-weight: 400;\">Freiwillige und normale B\u00fcrger retteten auch Tiere aus dem \u00fcberfluteten Gebiet. Natalia, die in den letzten Monaten versucht hat, Stra\u00dfentieren in Kherson zu helfen, nahm nach der Flut Kontakt zu Tierschutzorganisationen in anderen St\u00e4dten der Ukraine auf. K\u00fcrzlich gerettete Tiere konnten so in Tierheime in Odessa, Charkiw und Kiew geschickt werden.<\/span><\/p><p><span style=\"font-weight: 400;\">Kateryna berichtet auch, dass die \u00f6rtlichen Bewohner gegen\u00fcber der Presse misstrauisch sind und Angst haben, Kommentare abzugeben oder Fotos zu machen, weil der Feind erfahren k\u00f6nnte, dass sie Hilfe leisten.<\/span><\/p><p><span style=\"font-weight: 400;\">Nat\u00fcrlich gibt es Menschen, die den Medien vertrauen und glauben, dass eine wahrheitsgem\u00e4\u00dfe Berichterstattung helfen kann. Olena hat erst im Februar diesen Jahres die linke Seite des Dnipro verlassen hat, nachdem sie eine Reise durch das besetzte Krim, Russland und die Baltischen Staaten unternommen hatte. Nun will sie wieder in ihre Wohnung in Kherson zur\u00fcckkehren, sie sagt, sie sei frustriert dar\u00fcber, wie wenig die internationalen Medien \u00fcber die Lebensbedingungen und Menschenrechtsverletzungen in den besetzten Teilen der Ukraine berichten. &#8220;Sie scheinen unseren Zeugenaussagen nicht zu glauben. Warum verstehen sie nicht, dass, wenn einen russische Soldaten verpr\u00fcgeln oder das Haus ausrauben, man nicht in der Lage ist, dies zu filmen, um sp\u00e4ter Beweise zu liefern.&#8221;, sagt sie.<\/span><\/p><\/div><div id=\"jet-tabs-content-1493\" class=\"jet-tabs__content\" data-tab=\"3\" role=\"tabpanel\" aria-hidden=\"true\" data-template-id=\"false\"><h6><strong>Kateryna Pryshchepa<\/strong><\/h6><h2>Ostrza\u0142 nad wielk\u0105 wod\u0105<\/h2><p><b>Pomoc na obszarze zalanym wod\u0105 po zniszczeniu tamy w Kakchowce<\/b><\/p><p><em>TRANSLATED ABSTRACT of original article<\/em><\/p><p><span style=\"font-weight: 400;\">Kateryna Pryshchepa opisuje wydarzenia, kt\u00f3re mia\u0142y miejsce po zniszczeniu przez Rosjan zapory tamy w Kachowce. Katastrofa wydarzy\u0142a si\u0119 6 czerwca 2023 roku.<\/span><\/p><p><span style=\"font-weight: 400;\">Historia <\/span><span style=\"font-weight: 400;\">Uliany. Odk\u0105d jej dom zosta\u0142 zalany, Uliana mieszka w swojej piekarni w centrum miasta. Wraz z Anzchel\u0105, swoj\u0105 s\u0105siadk\u0105, zarz\u0105dzaj\u0105 ma\u0142ym centrum wolontariatu, dystrybuuj\u0105c darowizny dostarczane przez organizacje pozarz\u0105dowe i charytatywne z ca\u0142ej Ukrainy.\u00a0<\/span><\/p><p><span style=\"font-weight: 400;\">Wolontariusze zacz\u0119li przybywa\u0107 do miasta z furgonetkami za\u0142adowanymi pomoc\u0105 humanitarn\u0105.<\/span><\/p><p><span style=\"font-weight: 400;\">Wolontariusze i zwykli ludzie ratuj\u0105 r\u00f3wnie\u017c zwierz\u0119ta z zalanych teren\u00f3w. Jedna z nich jest Natalia, kt\u00f3ra\u00a0 pomaga bezpa\u0144skim zwierz\u0119tom w Chersoniu. Po powodzi nawi\u0105za\u0142a kontakt z organizacjami charytatywnymi pomagaj\u0105cymi zwierz\u0119tom w innych miastach Ukrainy. W ci\u0105gu dos\u0142ownie kilku dni wys\u0142a\u0142a uratowane zwierz\u0119ta do schronisk w Odessie, Charkowie i Kijowie.<\/span><\/p><p><span style=\"font-weight: 400;\">Autorka artyku\u0142u podkre\u015bla, \u017ce lokalna ludno\u015b\u0107 jest nieufna wobec prasy, boi si\u0119 komentowa\u0107 wydarzenia lub zgadza\u0107 na zdj\u0119cia. Ludzie obawiaj\u0105 si\u0119, \u017ce Rosjanie mogliby w ten spos\u00f3b dowiedzie\u0107 si\u0119, \u017ce pomagaj\u0105.<\/span><\/p><p><span style=\"font-weight: 400;\">Oczywi\u015bcie s\u0105 r\u00f3wnie\u017c ludzie, kt\u00f3rzy maj\u0105 wi\u0119ksze zaufania do dziennikarzy i wierz\u0105, \u017ce uczciwe reporta\u017ce mog\u0105 jedynie im pom\u00f3c. Olena, kt\u00f3ra opu\u015bci\u0142a lewy brzeg Dniepru w lutym tego roku, podr\u00f3\u017cuj\u0105c przez okupowany Krym, Rosj\u0119 i kraje ba\u0142tyckie, aby wr\u00f3ci\u0107 do swojego mieszkania w Chersoniu, m\u00f3wi, \u017ce jest sfrustrowana tym, jak niewiele mi\u0119dzynarodowe media m\u00f3wi\u0105 o warunkach \u017cycia i \u0142amaniu praw cz\u0142owieka na okupowanych terenach Ukrainy. &#8220;Wydaje si\u0119, \u017ce nie wierz\u0105 w nasze zeznania. Dlaczego nie rozumiej\u0105, \u017ce kiedy rosyjscy \u017co\u0142nierze bij\u0105 Ci\u0119 lub okradaj\u0105 Tw\u00f3j dom, nie masz mo\u017cliwo\u015bci tego nagrywa\u0107, aby p\u00f3\u017aniej przedstawi\u0107 dowody&#8221; &#8211; m\u00f3wi.<\/span><\/p><\/div><div id=\"jet-tabs-content-1494\" class=\"jet-tabs__content\" data-tab=\"4\" role=\"tabpanel\" aria-hidden=\"true\" data-template-id=\"false\"><h6><strong>\u041a\u0430\u0442\u0435\u0440\u0438\u043d\u0430 \u041f\u0440\u0438\u0449\u0435\u043f\u0430<\/strong><\/h6><h2>\u041e\u0431\u0441\u0442\u0440\u0456\u043b \u043d\u0430\u0434 \u0432\u0435\u043b\u0438\u043a\u043e\u044e \u0432\u043e\u0434\u043e\u044e\u00a0<\/h2><p><b>\u0414\u043e\u043f\u043e\u043c\u043e\u0433\u0430 \u0432 \u0437\u043e\u043d\u0456 \u0437\u0430\u0442\u043e\u043f\u043b\u0435\u043d\u043d\u044f \u0437\u0440\u0443\u0439\u043d\u043e\u0432\u0430\u043d\u043e\u0457 \u041a\u0430\u0445\u043e\u0432\u0441\u044c\u043a\u043e\u0457 \u0434\u0430\u043c\u0431\u0438<\/b><\/p><p><em>TRANSLATED ABSTRACT of original article<\/em><\/p><p><span style=\"font-weight: 400;\">\u041a\u0430\u0442\u0435\u0440\u0438\u043d\u0430 \u041f\u0440\u0438\u0449\u0435\u043f\u0430 \u0432\u0438\u0441\u0432\u0456\u0442\u043b\u044e\u0454 \u043f\u043e\u0434\u0456\u0457, \u0449\u043e \u0432\u0456\u0434\u0431\u0443\u0432\u0430\u043b\u0438\u0441\u044f \u043f\u0456\u0441\u043b\u044f \u0440\u0443\u0439\u043d\u0443\u0432\u0430\u043d\u043d\u044f \u041a\u0430\u0445\u043e\u0432\u0441\u044c\u043a\u043e\u0457 \u0434\u0430\u043c\u0431\u0438 \u0440\u043e\u0441\u0456\u0439\u0441\u044c\u043a\u0438\u043c\u0438 \u043e\u043a\u0443\u043f\u0430\u043d\u0442\u0430\u043c\u0438. \u041a\u0430\u0442\u0430\u0441\u0442\u0440\u043e\u0444\u0430 \u0441\u0442\u0430\u043b\u0430\u0441\u044f 6 \u0447\u0435\u0440\u0432\u043d\u044f 2023 \u0440\u043e\u043a\u0443.<\/span><\/p><p><span style=\"font-weight: 400;\">\u0412\u0438\u043f\u0430\u0434\u043e\u043a \u0423\u043b\u044f\u043d\u0438. \u0412\u0456\u0434\u0442\u043e\u0434\u0456, \u044f\u043a \u0457\u0457 \u0431\u0443\u0434\u0438\u043d\u043e\u043a \u0437\u0430\u0442\u043e\u043f\u0438\u043b\u043e, \u0423\u043b\u044f\u043d\u0430 \u0436\u0438\u0432\u0435 \u0443 \u0441\u0432\u043e\u0457\u0439 \u043f\u0435\u043a\u0430\u0440\u043d\u0456 \u0432 \u0446\u0435\u043d\u0442\u0440\u0456 \u043c\u0456\u0441\u0442\u0430. \u0420\u0430\u0437\u043e\u043c \u0437 \u0410\u043d\u0436\u0435\u043b\u043e\u044e, \u0441\u0432\u043e\u0454\u044e \u0441\u0443\u0441\u0456\u0434\u043a\u043e\u044e, \u0432\u043e\u043d\u0438 \u043a\u0435\u0440\u0443\u044e\u0442\u044c \u043d\u0435\u0432\u0435\u043b\u0438\u043a\u0438\u043c \u0432\u043e\u043b\u043e\u043d\u0442\u0435\u0440\u0441\u044c\u043a\u0438\u043c \u0440\u0435\u0441\u0443\u0440\u0441\u043d\u0438\u043c \u0446\u0435\u043d\u0442\u0440\u043e\u043c, \u0440\u043e\u0437\u043f\u043e\u0434\u0456\u043b\u044f\u044e\u0447\u0438 \u043f\u043e\u0436\u0435\u0440\u0442\u0432\u0438, \u044f\u043a\u0456 \u043d\u0430\u0434\u0445\u043e\u0434\u044f\u0442\u044c \u0432\u0456\u0434 \u0433\u0440\u043e\u043c\u0430\u0434\u0441\u044c\u043a\u0438\u0445 \u043e\u0440\u0433\u0430\u043d\u0456\u0437\u0430\u0446\u0456\u0439 \u0442\u0430 \u0431\u043b\u0430\u0433\u043e\u0434\u0456\u0439\u043d\u0438\u0445 \u0444\u043e\u043d\u0434\u0456\u0432 \u0437 \u0443\u0441\u0456\u0454\u0457 \u0423\u043a\u0440\u0430\u0457\u043d\u0438.<\/span><\/p><p><span style=\"font-weight: 400;\">\u0414\u043e \u043c\u0456\u0441\u0442\u0430 \u043f\u043e\u0447\u0430\u043b\u0438 \u043f\u0440\u0438\u0431\u0443\u0432\u0430\u0442\u0438 \u0432\u043e\u043b\u043e\u043d\u0442\u0435\u0440\u0438 \u0437 \u043c\u0456\u043a\u0440\u043e\u0430\u0432\u0442\u043e\u0431\u0443\u0441\u0430\u043c\u0438, \u0437\u0430\u0432\u0430\u043d\u0442\u0430\u0436\u0435\u043d\u0438\u043c\u0438 \u0433\u0443\u043c\u0430\u043d\u0456\u0442\u0430\u0440\u043d\u043e\u044e \u0434\u043e\u043f\u043e\u043c\u043e\u0433\u043e\u044e.<\/span><\/p><p><span style=\"font-weight: 400;\">\u0412\u043e\u043b\u043e\u043d\u0442\u0435\u0440\u0438 \u0442\u0430 \u0437\u0432\u0438\u0447\u0430\u0439\u043d\u0456 \u043b\u044e\u0434\u0438 \u0442\u0430\u043a\u043e\u0436 \u0440\u044f\u0442\u0443\u0432\u0430\u043b\u0438 \u0442\u0432\u0430\u0440\u0438\u043d \u0456\u0437 \u0437\u043e\u043d\u0438 \u0437\u0430\u0442\u043e\u043f\u043b\u0435\u043d\u043d\u044f. \u041d\u0430\u0442\u0430\u043b\u044f \u043d\u0430\u043c\u0430\u0433\u0430\u0454\u0442\u044c\u0441\u044f \u0434\u043e\u043f\u043e\u043c\u0430\u0433\u0430\u0442\u0438 \u0431\u0435\u0437\u043f\u0440\u0438\u0442\u0443\u043b\u044c\u043d\u0438\u043c \u0442\u0432\u0430\u0440\u0438\u043d\u0430\u043c \u0425\u0435\u0440\u0441\u043e\u043d\u0430 \u043f\u0440\u043e\u0442\u044f\u0433\u043e\u043c \u043e\u0441\u0442\u0430\u043d\u043d\u0456\u0445 \u043a\u0456\u043b\u044c\u043a\u043e\u0445 \u043c\u0456\u0441\u044f\u0446\u0456\u0432. \u041f\u0456\u0441\u043b\u044f \u043f\u043e\u0432\u0435\u043d\u0456 \u0432\u043e\u043d\u0430 \u0437\u0432&#8217;\u044f\u0437\u0430\u043b\u0430\u0441\u044f \u0437 \u0437\u043e\u043e\u0437\u0430\u0445\u0438\u0441\u043d\u0438\u043c\u0438 \u043e\u0440\u0433\u0430\u043d\u0456\u0437\u0430\u0446\u0456\u044f\u043c\u0438 \u0432 \u0456\u043d\u0448\u0438\u0445 \u043c\u0456\u0441\u0442\u0430\u0445 \u0423\u043a\u0440\u0430\u0457\u043d\u0438 \u0456 \u0432\u0456\u0434\u043f\u0440\u0430\u0432\u043b\u044f\u043b\u0430 \u0432\u0440\u044f\u0442\u043e\u0432\u0430\u043d\u0438\u0445 \u0442\u0432\u0430\u0440\u0438\u043d \u0434\u043e \u043f\u0440\u0438\u0442\u0443\u043b\u043a\u0456\u0432 \u041e\u0434\u0435\u0441\u0438, \u0425\u0430\u0440\u043a\u043e\u0432\u0430 \u0442\u0430 \u041a\u0438\u0454\u0432\u0430.<\/span><\/p><p><span style=\"font-weight: 400;\">\u041a\u0430\u0442\u0435\u0440\u0438\u043d\u0430 \u0442\u0430\u043a\u043e\u0436 \u0440\u043e\u0437\u043f\u043e\u0432\u0456\u0434\u0430\u0454, \u0449\u043e \u043c\u0456\u0441\u0446\u0435\u0432\u0456 \u0436\u0438\u0442\u0435\u043b\u0456 \u043d\u0430\u0441\u0442\u043e\u0440\u043e\u0436\u0435\u043d\u043e \u0441\u0442\u0430\u0432\u043b\u044f\u0442\u044c\u0441\u044f \u0434\u043e \u043f\u0440\u0435\u0441\u0438, \u0431\u043e\u044f\u0442\u044c\u0441\u044f \u0434\u0430\u0432\u0430\u0442\u0438 \u043a\u043e\u043c\u0435\u043d\u0442\u0430\u0440\u0456 \u0447\u0438 \u0444\u043e\u0442\u043e\u0433\u0440\u0430\u0444\u0443\u0432\u0430\u0442\u0438\u0441\u044f, \u0431\u043e \u0432\u043e\u0440\u043e\u0433 \u043c\u043e\u0436\u0435 \u0434\u0456\u0437\u043d\u0430\u0442\u0438\u0441\u044f, \u0449\u043e \u0432\u043e\u043d\u0438 \u0434\u043e\u043f\u043e\u043c\u0430\u0433\u0430\u044e\u0442\u044c.<\/span><\/p><p><span style=\"font-weight: 400;\">\u0417\u0432\u0438\u0447\u0430\u0439\u043d\u043e, \u0454 \u043b\u044e\u0434\u0438, \u044f\u043a\u0456 \u0434\u043e\u0432\u0456\u0440\u044f\u044e\u0442\u044c \u043f\u0440\u0435\u0441\u0456 \u0456 \u0432\u0456\u0440\u044f\u0442\u044c, \u0449\u043e \u043f\u0440\u0430\u0432\u0434\u0438\u0432\u0456 \u0440\u0435\u043f\u043e\u0440\u0442\u0430\u0436\u0456 \u043c\u043e\u0436\u0443\u0442\u044c \u0434\u043e\u043f\u043e\u043c\u043e\u0433\u0442\u0438. \u041e\u043b\u0435\u043d\u0430, \u044f\u043a\u0430 \u043f\u043e\u043a\u0438\u043d\u0443\u043b\u0430 \u043b\u0456\u0432\u0438\u0439 \u0431\u0435\u0440\u0435\u0433 \u0414\u043d\u0456\u043f\u0440\u0430 \u043b\u0438\u0448\u0435 \u0432 \u043b\u044e\u0442\u043e\u043c\u0443 \u0446\u044c\u043e\u0433\u043e \u0440\u043e\u043a\u0443, \u0437\u0434\u0456\u0439\u0441\u043d\u0438\u0432\u0448\u0438 \u043f\u043e\u0434\u043e\u0440\u043e\u0436 \u0447\u0435\u0440\u0435\u0437 \u043e\u043a\u0443\u043f\u043e\u0432\u0430\u043d\u0438\u0439 \u041a\u0440\u0438\u043c, \u0420\u043e\u0441\u0456\u044e \u0442\u0430 \u043a\u0440\u0430\u0457\u043d\u0438 \u0411\u0430\u043b\u0442\u0456\u0457, \u0449\u043e\u0431 \u043f\u043e\u0432\u0435\u0440\u043d\u0443\u0442\u0438\u0441\u044f \u0434\u043e \u0441\u0432\u043e\u0454\u0457 \u043a\u0432\u0430\u0440\u0442\u0438\u0440\u0438 \u0432 \u0425\u0435\u0440\u0441\u043e\u043d\u0456, \u043a\u0430\u0436\u0435, \u0449\u043e \u0432\u043e\u043d\u0430 \u0440\u043e\u0437\u0447\u0430\u0440\u043e\u0432\u0430\u043d\u0430 \u0442\u0438\u043c, \u044f\u043a \u043c\u0430\u043b\u043e \u043c\u0456\u0436\u043d\u0430\u0440\u043e\u0434\u043d\u0456 \u0417\u041c\u0406 \u043f\u043e\u0432\u0456\u0434\u043e\u043c\u043b\u044f\u044e\u0442\u044c \u043f\u0440\u043e \u0443\u043c\u043e\u0432\u0438 \u0436\u0438\u0442\u0442\u044f \u0442\u0430 \u043f\u043e\u0440\u0443\u0448\u0435\u043d\u043d\u044f \u043f\u0440\u0430\u0432 \u043b\u044e\u0434\u0438\u043d\u0438 \u043d\u0430 \u043e\u043a\u0443\u043f\u043e\u0432\u0430\u043d\u0438\u0445 \u0447\u0430\u0441\u0442\u0438\u043d\u0430\u0445 \u0423\u043a\u0440\u0430\u0457\u043d\u0438. \u00ab\u0417\u0434\u0430\u0454\u0442\u044c\u0441\u044f, \u0432\u043e\u043d\u0438 \u043d\u0435 \u0432\u0456\u0440\u044f\u0442\u044c \u043d\u0430\u0448\u0438\u043c \u0441\u0432\u0456\u0434\u0447\u0435\u043d\u043d\u044f\u043c. \u0427\u043e\u043c\u0443 \u0432\u043e\u043d\u0438 \u043d\u0435 \u0440\u043e\u0437\u0443\u043c\u0456\u044e\u0442\u044c, \u0449\u043e \u043a\u043e\u043b\u0438 \u0440\u043e\u0441\u0456\u0439\u0441\u044c\u043a\u0456 \u0441\u043e\u043b\u0434\u0430\u0442\u0438 \u0431&#8217;\u044e\u0442\u044c \u0442\u0435\u0431\u0435 \u0430\u0431\u043e \u0433\u0440\u0430\u0431\u0443\u044e\u0442\u044c \u0442\u0432\u0456\u0439 \u0431\u0443\u0434\u0438\u043d\u043e\u043a, \u0442\u0438 \u043d\u0435 \u043c\u043e\u0436\u0435\u0448 \u0437\u043d\u044f\u0442\u0438 \u0446\u0435 \u043d\u0430 \u0432\u0456\u0434\u0435\u043e, \u0449\u043e\u0431 \u043f\u043e\u0442\u0456\u043c \u043d\u0430\u0434\u0430\u0442\u0438 \u0434\u043e\u043a\u0430\u0437\u0438?\u00bb, &#8211; \u0437\u0430\u043f\u0438\u0442\u0443\u0454 \u0432\u043e\u043d\u0430.<\/span><\/p><\/div>\t\t\t<\/div>\n\t\t<\/div>\n\t\t\t\t<\/div>\n\t\t\t\t<\/div>\n\t\t\t\t\t<\/div>\n\t\t\t\t<\/div>\n\t\t\t\t\t\t\t<\/div>","protected":false},"excerpt":{"rendered":"<p>ENGDEUPOLUKR Kateryna Pryshchepa \u00abShelling over the big water\u00bb\u00a0 Assistance in the flooded area of the destroyed Kakhovka Dam TRANSLATED ABSTRACT of original article Kateryna Pryshchepa covers the events that took place after the destruction of the Kakhovka Dam by the Russian occupiers. The disaster occurred on June 6, 2023. The case of Ulyana. Since her [&hellip;]<\/p>","protected":false},"author":1,"featured_media":0,"parent":976,"menu_order":3,"comment_status":"closed","ping_status":"closed","template":"elementor_header_footer","meta":{"footnotes":""},"_links":{"self":[{"href":"https:\/\/womenreporters.eu\/ge\/wp-json\/wp\/v2\/pages\/1009"}],"collection":[{"href":"https:\/\/womenreporters.eu\/ge\/wp-json\/wp\/v2\/pages"}],"about":[{"href":"https:\/\/womenreporters.eu\/ge\/wp-json\/wp\/v2\/types\/page"}],"author":[{"embeddable":true,"href":"https:\/\/womenreporters.eu\/ge\/wp-json\/wp\/v2\/users\/1"}],"replies":[{"embeddable":true,"href":"https:\/\/womenreporters.eu\/ge\/wp-json\/wp\/v2\/comments?post=1009"}],"version-history":[{"count":22,"href":"https:\/\/womenreporters.eu\/ge\/wp-json\/wp\/v2\/pages\/1009\/revisions"}],"predecessor-version":[{"id":2113,"href":"https:\/\/womenreporters.eu\/ge\/wp-json\/wp\/v2\/pages\/1009\/revisions\/2113"}],"up":[{"embeddable":true,"href":"https:\/\/womenreporters.eu\/ge\/wp-json\/wp\/v2\/pages\/976"}],"wp:attachment":[{"href":"https:\/\/womenreporters.eu\/ge\/wp-json\/wp\/v2\/media?parent=1009"}],"curies":[{"name":"wp","href":"https:\/\/api.w.org\/{rel}","templated":true}]}}